{"id":1036,"date":"2026-03-27T17:19:53","date_gmt":"2026-03-27T15:19:53","guid":{"rendered":"https:\/\/www.lada-center.education\/?page_id=1036"},"modified":"2026-04-01T19:25:05","modified_gmt":"2026-04-01T17:25:05","slug":"predmetnik","status":"publish","type":"page","link":"https:\/\/www.lada-center.education\/en\/domov\/vpis\/predmetnik\/","title":{"rendered":"Predmetnik"},"content":{"rendered":"<span style=\"letter-spacing: -0.1px;\">Kreatorka izobra\u017eevalne vsebine:<\/span><div style=\"letter-spacing: -0.1px; font-family: &quot;Arial Black&quot;;\">Angle\u0161\u010dina po Schwarzbartl metodi<\/div>\n\n\n<p data-start=\"0\" data-end=\"397\">Metoda <strong data-start=\"7\" data-end=\"23\" style=\"font-family: &quot;Arial Black&quot;;\">Schwarzbartl<\/strong> predstavlja inovativen pristop k u\u010denju jezika, ki temelji na uporabi <strong data-start=\"94\" data-end=\"118\" style=\"font-family: &quot;Arial Black&quot;;\">abstraktnih simbolov<\/strong> za spodbujanje kognitivnega razvoja. Razvita je bila na podlagi dolgoletnih izku\u0161enj v terapiji in izobra\u017eevanju ter omogo\u010da <strong data-start=\"244\" data-end=\"264\" style=\"font-family: &quot;Arial Black&quot;;\">bolj\u0161e pomnjenje<\/strong>, ve\u010djo <strong data-start=\"272\" data-end=\"287\">radovednost<\/strong> in bolj smiselno komunikacijo. Namesto klasi\u010dnega u\u010denja spodbuja globlje razumevanje in povezovanje pomenov.<\/p>\n<p data-start=\"399\" data-end=\"747\">S povezovanjem med mi\u0161ljenjem in jezikom ustvarja most, ki omogo\u010da, da je usvajanje besedi\u0161\u010da bolj <strong data-start=\"608\" data-end=\"622\" style=\"font-family: &quot;Arial Black&quot;;\">intuitivno<\/strong> in prijetno. U\u010denje poteka preko vizualizacije in lastne interpretacije, kar otrokom omogo\u010da bolj <strong data-start=\"721\" data-end=\"746\" style=\"font-family: &quot;Arial Black&quot;;\">oseben stik z jezikom <\/strong><span style=\"text-wrap-mode: initial; letter-spacing: -0.1px;\">in spodbuja le znanja, temve\u010d tudi <\/span><strong data-start=\"1048\" data-end=\"1079\" style=\"text-wrap-mode: initial; letter-spacing: -0.1px; font-family: &quot;Arial Black&quot;;\">celostni razvoj posameznika<\/strong><span style=\"text-wrap-mode: initial; letter-spacing: -0.1px;\">.<\/span><\/p>\n\n\n\n\n\n\n<span style=\"letter-spacing: -0.1px;\">Kreatorka izobra\u017eevalne vsebine:<\/span><div style=\"letter-spacing: -0.1px; font-family: &quot;Arial Black&quot;;\">Besedolov &#8211; iskriva sloven\u0161\u010dina<\/div>\n\n\n<p>V Besedolovu prostor dobijo <span style=\"font-family:Arial Black;\">radovednost<\/span>, <span style=\"font-family:Arial Black;\">domi\u0161ljija<\/span> in <span style=\"font-family:Arial Black;\">raziskovanje jezika<\/span>. Skozi igro, rime, zgodbe, uganke in pogovor odkrivamo lepote pa tudi zagonetke sloven\u0161\u010dine ter spoznavamo slovenske in svetovne avtorje razli\u010dnih literarnih del. <\/p>\n<p>V mini <span style=\"font-family:Arial Black;\">bralnem klubu<\/span> lahko vsak udele\u017eenec deli z ostalimi prebrane knjige, ideje in (za)misli. Dotaknemo se tudi slovnice in zgodovine \u2013 skozi raziskovanje, vpra\u0161anja in ustvarjalnost.<\/p>\n<p>V Besedolovu besed ne u\u010dimo \u2013 besede <span style=\"font-family:Arial Black;\">lovimo<\/span>, <span style=\"font-family:Arial Black;\">preizku\u0161amo<\/span> in jim pustimo, da <span style=\"font-family:Arial Black;\">zanetijo iskrice<\/span>.<\/p>\n\n\n\n\n\n\n<span style=\"letter-spacing: -0.1px;\">Kreatorka izobra\u017eevalne vsebine:<\/span><p style=\"letter-spacing: -0.1px; font-family: &quot;Arial Black&quot;;\">Kreativnost na kvadrat<\/p>\n\n\n<p>Pri Kreativnosti na kvadrat se bomo skozi razli\u010dne umetni\u0161ke pristope nau\u010dili razmi\u0161ljati \u00bb<span style=\"font-family:Arial Black;\">izven \u0161katle<\/span>\u00ab. To ni klasi\u010dna likovna umetnost, ampak prostor, kjer smo odprti za <span style=\"font-family:Arial Black;\">najrazli\u010dnej\u0161e ideje<\/span>, od klasi\u010dnega risanja pa vse do uporabljanja \u00bbgreen screen\u00ab zelenega ozadja v Photoshopu, ustvarjanja logotipov v vektorskih programih in \u0161e kaj. Kot <span style=\"font-family:Arial Black;\">samouk<\/span> na najrazli\u010dnej\u0161ih ustvarjalnih podro\u010djih sem mnenja, da je <span style=\"font-family:Arial Black;\">kreativnost klju\u010dna za na\u0161e \u017eivljenje<\/span> in opcije za to so nam zmeraj na voljo, \u010de smo jih le pripravljeni videti in izkoristiti.&nbsp;<\/p>\n\n\n\n\n\n\n<span style=\"letter-spacing: -0.1px;\">Kreatorka izobra\u017eevalne vsebine:<\/span><p style=\"letter-spacing: -0.1px; font-family: &quot;Arial Black&quot;;\">Kulturografija<\/p>\n\n\n<p>Vsebina na\u0161ega programa Kulturografije temelji na interaktivnih ciklih, kjer teorija vselej <span style=\"font-family:Arial Black;\">vznika iz \u017eive glasbene izvedbe<\/span>. Namesto suhoparnega u\u010denja dejstev glasbo do\u017eivljamo kot <span style=\"font-family:Arial Black;\">neposredno izku\u0161njo<\/span>, ki nas vodi od anti\u010dnih gr\u0161kih modusa in Platonovega razumevanja karakterja, preko srednjeve\u0161ke mistike Hildegarde von Bingen in trubadurske svobode, <span style=\"font-family:Arial Black;\">vse do korenin evropske ljudske pesmi<\/span>. Poseben poudarek namenjamo cerkvenemu napevu \u2013 od gregorijanskega korala, ki nam je podaril notni zapis, do protestantskega napeva kot <span style=\"font-family:Arial Black;\">unikatnega slovenskega kulturnega temelja<\/span>. Cilj projekta je premostiti vrzel med zgodovinskimi mejniki in sedanjostjo. Z razumevanjem <span style=\"font-family:Arial Black;\">gradnikov evropske kulturne dedi\u0161\u010dine<\/span> in ohranjanjem tradicije ne le spoznavamo skupne vrednote, temve\u010d opolnomo\u010dimo posameznika, da na teh trdnih temeljih razvije svoj lasten vpogled v kulturo.<\/p>\n\n\n\n\n\n\n<span style=\"letter-spacing: -0.1px;\">Kreatorka izobra\u017eevalne vsebine:<\/span><p style=\"letter-spacing: -0.1px; font-family: &quot;Arial Black&quot;;\">Mostovi med ljudmi<\/p>\n\n\n<p><span style=\"text-wrap-mode: initial; letter-spacing: -0.1px;\">Zakaj <span style=\"font-family:Arial Black;\">\u010dlovekove pravice<\/span> sploh obstajajo?<\/span><br><\/p><p>Kje jih najdemo in kaj v resnici pomenijo?<\/p>\n<p>V teh izobra\u017eevalnih uricah bomo korak za korakom raziskovali:<br>kaj so <strong style=\"font-family: &quot;Arial Black&quot;;\">\u010dlovekove in otrokove pravice<\/strong>, kdo jih je oblikoval in zakaj, ter kako jih razumeti v vsakdanjem \u017eivljenju.<\/p>\n<p>Skupaj bomo pregledali posamezne pravice ter skozi primere ugotavljali, kdaj so <strong style=\"font-family: &quot;Arial Black&quot;;\">spo\u0161tovane<\/strong> in kdaj <strong style=\"font-family: &quot;Arial Black&quot;;\">kr\u0161ene<\/strong>.<br>S pomo\u010djo pogovora in razmi\u0161ljanja bomo iskali odgovore,<br>kako se na kr\u0161itve odzvati in jih tudi <strong style=\"font-family: &quot;Arial Black&quot;;\">re\u0161evati<\/strong>.<\/p>\n<p>Cilj je razviti ob\u010dutek za <span style=\"font-weight: bold; font-family: &quot;Arial Black&quot;;\">pravi\u010dnost<\/span><b>, <\/b><span style=\"font-weight: bold; font-family: &quot;Arial Black&quot;;\">odgovornost<\/span> in<b> <span style=\"font-family:Arial Black;\">medsebojno spo\u0161tovanje<\/span><\/b>, ter razumeti, kako lahko v odnosih \u017eivimo v duhu \u010dlovekovih pravic.&nbsp;<span style=\"text-wrap-mode: initial; letter-spacing: -0.1px;\">Vsebina spodbuja razmi\u0161ljanje, pogovor in sodelovanje,&nbsp;<\/span><span style=\"text-wrap-mode: initial; letter-spacing: -0.1px;\">ter odpira prostor za nadaljnje debate tudi izven u\u010dnih ur.<\/span><\/p>\n\n\n\n\n\n\nKreator izobra\u017eevalne vsebine:<div style=\"font-family: &quot;Arial Black&quot;;\">Od atoma do \u017eivljenja<\/div>\n\n\n<p data-start=\"123\" data-end=\"217\"><span style=\"font-family:Arial Black;\"><strong>Zakaj je svet tak\u0161en, kot je?<\/strong><br data-start=\"152\" data-end=\"155\"><\/span>\nKako nastanejo organizmi, dr\u017eave in sistemi, v katerih \u017eivimo?<\/p><p data-start=\"219\" data-end=\"344\">V teh izobra\u017eevalnih uricah bomo korak za korakom raziskovali pot:<br>\nod <strong data-start=\"277\" data-end=\"286\" style=\"font-family: &quot;Arial Black&quot;;\">atoma<\/strong>, do <strong data-start=\"291\" data-end=\"304\" style=\"font-family: &quot;Arial Black&quot;;\">\u017eivljenja<\/strong>,\nter naprej do<span style=\"font-family:Arial Black;\"> <strong data-start=\"322\" data-end=\"343\">\u010dloveka in dru\u017ebe<\/strong><\/span><strong data-start=\"322\" data-end=\"343\"><\/strong>.<\/p>\n<p data-start=\"346\" data-end=\"465\">S pomo\u010djo preprostih analogij bomo povezovali:<br><span style=\"text-wrap-mode: initial; letter-spacing: -0.1px;\">delovanje<\/span><span style=\"text-wrap-mode: initial; letter-spacing: -0.1px; font-family: &quot;Arial Black&quot;;\"> <strong data-start=\"403\" data-end=\"424\">\u010dlove\u0161kega telesa&nbsp;<\/strong><\/span><span style=\"text-wrap-mode: initial; letter-spacing: -0.1px;\">z razumevanjem&nbsp;<\/span><strong data-start=\"442\" data-end=\"464\" style=\"text-wrap-mode: initial; letter-spacing: -0.1px; font-family: &quot;Arial Black&quot;;\">dru\u017ebenih sistemov<\/strong><span style=\"text-wrap-mode: initial; letter-spacing: -0.1px;\">.<\/span><\/p>\n<p data-start=\"467\" data-end=\"578\">Cilj je razviti sposobnost <span style=\"font-family:Arial Black;\">celostnega razmi\u0161ljanja<\/span>, <span style=\"font-family:Arial Black;\">prepoznavanja vzorcev<\/span> in&nbsp;<span style=\"font-family:Arial Black;\">globljega razumevanja sveta<\/span>.<\/p><p data-start=\"580\" data-end=\"658\">Vsebina je primerna za vse generacije, z dodatnimi poglobitvami za starej\u0161e.&nbsp;<span style=\"text-wrap-mode: initial; letter-spacing: -0.1px;\">Posebna vrednost predmeta je v tem,&nbsp;<\/span><span style=\"text-wrap-mode: initial; letter-spacing: -0.1px;\">da spodbuja pogovor med otroki in star\u0161i \u2013&nbsp;<\/span><span style=\"text-wrap-mode: initial; letter-spacing: -0.1px;\">tudi po koncu predavanj.<\/span><\/p>\n\n\n\n\n\n\n<span style=\"letter-spacing: -0.1px;\">Kreatorka izobra\u017eevalne vsebine:<\/span><p style=\"letter-spacing: -0.1px; font-family: &quot;Arial Black&quot;;\"><span style=\"letter-spacing: -0.1px; text-wrap-mode: initial;\">Thinkonomist<\/span><\/p>\n\n\n<p>&nbsp;Skozi projekt <span style=\"color:#0000ff;\"><strong>Think<\/strong><\/span><strong style=\"color: rgb(68, 68, 68);\">onomist<\/strong> zdru\u017eujem svoja akademska dognanja s podro\u010dja ekonomije z neprecenljivimi vsebinami, ki jih pi\u0161e \u017eivljenje samo. Moje delovanje je preprosto, a radikalno: ekonomija ni le veda o denarju,<span style=\"font-family:Arial Black;\"> temve\u010d jezik realnosti<\/span>, ki bi moral biti otroku na voljo \u017ee v obdobju njegovega najbolj pristnega, svobodnega raziskovanja. Verjamem, da se ekonomske vsebine tesno prepletajo z na\u0161im vsakdanom. Na\u0161a naloga je odpreti prostor tematikam, ki jih <span style=\"font-family:Arial Black;\">tradicionalni sistem pogosto prihrani za odraslost<\/span>, \u010deprav so klju\u010dne za razumevanje sveta tukaj in zdaj.&nbsp; Logika ekonomije je v&nbsp;<span style=\"letter-spacing: -0.1px; color: rgb(0, 0, 255);\"><strong>Think<\/strong><\/span><strong style=\"letter-spacing: -0.1px; color: rgb(68, 68, 68);\">onomist<\/strong>u tesno povezana <span style=\"font-family:Arial Black;\">z na\u010deli samoupravljanja<\/span>. Razumevanje virov, izbir in menjave otroku omogo\u010da, da postane aktiven in odgovoren <span style=\"font-family:Arial Black;\">sooblikovalec svoje skupnosti<\/span>.<\/p>\n\n\n\n\n\n\n<span style=\"letter-spacing: -0.1px;\">Kreatorka izobra\u017eevalne vsebine:<\/span><p style=\"letter-spacing: -0.1px; font-family: &quot;Arial Black&quot;;\">Zgodovinski \u010dasostroj<\/p>\n\n\n<p data-start=\"0\" data-end=\"466\">Tekom leta bo izveden pregled svetovne in slovenske zgodovine. U\u010dna pot se bo za\u010dela z obravnavo starodavne zgodovine, kjer bodo predstavljeni <span style=\"font-family:Arial Black;\">biblijski za\u010detki<\/span>, <span style=\"font-family:Arial Black;\">Mezopotamija<\/span>, trgovske poti ter <span style=\"font-family:Arial Black;\">egip\u010danska civilizacija<\/span>. V nadaljevanju bo pozornost usmerjena v obdobje <span style=\"font-family:Arial Black;\">s<\/span><span style=\"font-family:Arial Black;\">rednjega veka in renesanse<\/span>, z obravnavo \u017eivljenja v srednjem veku, <span style=\"font-family:Arial Black;\">\u0161irjenja kr\u0161\u010danstva<\/span>, pomembnih osebnosti ter <span style=\"font-family:Arial Black;\">kulturnega in znanstvenega preporoda Evrope<\/span>.<\/p>\n<p data-start=\"468\" data-end=\"816\">Nadalje se bomo dotaknili obdobja <span style=\"font-family:Arial Black;\">francoske in indijanske vojne<\/span> ter <span style=\"font-family:Arial Black;\">ameri\u0161ke revolucije<\/span>, pri \u010demer bodo izpostavljeni klju\u010dni zgodovinski dogodki, dokumenti in pomembne osebnosti. Na koncu bodo obravnavani<span style=\"font-family:Arial Black;\"> viktorijansko obdobje<\/span>, razvoj letalstva, svetovne misijonarske dejavnosti ter <span style=\"font-family:Arial Black;\">klju\u010dni dogodki hladne vojne<\/span>, vklju\u010dno s padcem komunizma.<\/p>\n<p>\n\n<\/p><p data-start=\"818\" data-end=\"969\" data-is-last-node=\"\" data-is-only-node=\"\">Skozi celoten predmet bo spodbujano <span style=\"font-family:Arial Black;\">razumevanje vpliva preteklih dogodkov na sodobni svet <\/span>ter razvijano spo\u0161tovanje do zgodovinske dedi\u0161\u010dine \u010dlove\u0161tva, predvsem pa prilagodimo vsebino tudi glede na interes otrok.<\/p>","protected":false},"excerpt":{"rendered":"","protected":false},"author":5,"featured_media":0,"parent":25,"menu_order":2,"comment_status":"closed","ping_status":"closed","template":"","meta":{"pagelayer_contact_templates":[],"_pagelayer_content":"","_monsterinsights_skip_tracking":false,"_monsterinsights_sitenote_active":false,"_monsterinsights_sitenote_note":"","_monsterinsights_sitenote_category":0,"footnotes":""},"class_list":["post-1036","page","type-page","status-publish","hentry"],"aioseo_notices":[],"_links":{"self":[{"href":"https:\/\/www.lada-center.education\/en\/wp-json\/wp\/v2\/pages\/1036","targetHints":{"allow":["GET"]}}],"collection":[{"href":"https:\/\/www.lada-center.education\/en\/wp-json\/wp\/v2\/pages"}],"about":[{"href":"https:\/\/www.lada-center.education\/en\/wp-json\/wp\/v2\/types\/page"}],"author":[{"embeddable":true,"href":"https:\/\/www.lada-center.education\/en\/wp-json\/wp\/v2\/users\/5"}],"replies":[{"embeddable":true,"href":"https:\/\/www.lada-center.education\/en\/wp-json\/wp\/v2\/comments?post=1036"}],"version-history":[{"count":0,"href":"https:\/\/www.lada-center.education\/en\/wp-json\/wp\/v2\/pages\/1036\/revisions"}],"up":[{"embeddable":true,"href":"https:\/\/www.lada-center.education\/en\/wp-json\/wp\/v2\/pages\/25"}],"wp:attachment":[{"href":"https:\/\/www.lada-center.education\/en\/wp-json\/wp\/v2\/media?parent=1036"}],"curies":[{"name":"wp","href":"https:\/\/api.w.org\/{rel}","templated":true}]}}