{"id":173,"date":"2025-07-25T00:24:54","date_gmt":"2025-07-24T22:24:54","guid":{"rendered":"https:\/\/ladacenter.dreamhosters.com\/?page_id=173"},"modified":"2026-03-30T22:58:21","modified_gmt":"2026-03-30T20:58:21","slug":"klavdija","status":"publish","type":"page","link":"https:\/\/www.lada-center.education\/en\/domov\/kdo-smo\/svet-zavoda\/klavdija\/","title":{"rendered":"Klavdija Ho\u010devar Kastelic"},"content":{"rendered":"<h2><span style=\"text-wrap-mode: initial; letter-spacing: -0.1px;\">More about&nbsp;<\/span><span style=\"letter-spacing: -0.1px; text-wrap-mode: initial;\">Klavdija Ho\u010devar Kastelic<\/span><\/h2><h2 style=\"box-sizing: border-box; margin: 0px auto 40px; max-width: 780px; color: rgb(98, 119, 143); font-family: &quot;Plus Jakarta Sans&quot;, sans-serif; font-size: 18px; letter-spacing: normal; text-wrap-mode: wrap; text-align: justify;\">Klavdija lives a life full of rich and diverse engagements, marked by numerous events, each with its own unique colour. Currently, she enjoys reading up-to-date news in accounting, finance, and politics, closely linked to legal topics. Due to her active lifestyle, she is also involved in various areas such as gardening, alternative schooling and self-directed learning, health, and other important matters related to these themes. Her days are filled with playing the guitar, mentoring young firefighters, and leading members in various activities. Through volunteering with children in different organisations, she has gained years of valuable experience.<\/h2><p style=\"box-sizing: border-box; margin: 0px auto 40px; max-width: 780px; color: rgb(98, 119, 143); font-family: &quot;Plus Jakarta Sans&quot;, sans-serif; font-size: 18px; letter-spacing: normal; text-wrap-mode: wrap; text-align: justify;\">Her journey of interests led her to study economics, specifically accounting and auditing, where she deepened her knowledge by carefully reading various sources. As a child, she loved reading countless stories and dreamed of a world where life was not so complicated by external forces and economic influences. The stories conveyed to her that there are circumstances in the world where people still suffer greatly. Almost twenty years later, it seems little has changed. During her studies, she gained an unforgettable experience at one of the most famous natural landmarks in the United States,&nbsp;<a href=\"https:\/\/careers.delawarenorth.com\/grand-canyon\" style=\"box-sizing: border-box; background-color: rgba(0, 0, 0, 0); color: rgb(0, 33, 226); text-decoration-thickness: initial; transition: color 0.3s;\">the Grand Canyon,<\/a>where she first felt the intercultural differences and injustices of the world.&nbsp;<em style=\"box-sizing: border-box;\">There, she experienced a bodily sense of peace alone with herself for the first time, and since then, she seeks daily opportunities to recapture that feeling she managed to imprint in her memory.<\/em><\/p><p style=\"box-sizing: border-box; margin: 0px auto 40px; max-width: 780px; color: rgb(98, 119, 143); font-family: &quot;Plus Jakarta Sans&quot;, sans-serif; font-size: 18px; letter-spacing: normal; text-wrap-mode: wrap; text-align: justify;\">She completed her studies successfully in conventional education, including a six-month exchange at<a href=\"https:\/\/zsem.hr\/\" style=\"box-sizing: border-box; background-color: rgba(0, 0, 0, 0); color: rgb(0, 33, 226); text-decoration-thickness: initial; transition: color 0.3s;\">&nbsp;Z\u0160EM<\/a>&nbsp;in Zagreb, finished her master\u2019s degree at the&nbsp;<a href=\"http:\/\/www.ef.uni-lj.si\/\" style=\"box-sizing: border-box; background-color: rgba(0, 0, 0, 0); color: rgb(0, 33, 226); text-decoration-thickness: initial; transition: color 0.3s;\">Faculty of Economics in Ljubljana<\/a>, and now, a few years later, is completing the&nbsp;<a href=\"https:\/\/www.accaglobal.com\/gb\/en.html\" style=\"box-sizing: border-box; background-color: rgba(0, 0, 0, 0); color: rgb(0, 33, 226); text-decoration-thickness: initial; transition: color 0.3s;\">ACCA<\/a>qualification, which she started out of interest in foreign English terminology. During the middle of this course, she still believed the education system worked well and that pupils simply needed to be smart in their choices and work hard to succeed.<\/p><p style=\"box-sizing: border-box; margin: 0px auto 40px; max-width: 780px; color: rgb(98, 119, 143); font-family: &quot;Plus Jakarta Sans&quot;, sans-serif; font-size: 18px; letter-spacing: normal; text-wrap-mode: wrap; text-align: justify;\"><span style=\"text-wrap-mode: initial;\">Medtem sta se ji rodila sin in h\u010di, kar je prineslo nove prioritete v njenem \u017eivljenju in raz\u0161irilo raziskovalni duh na podro\u010djih kot so manjpleni\u010denje, aktivno tandemsko dojenje; tako reko\u010d ni bilo vsebine, ki ji ne bi posvetila vsaj nekaj pozornosti s podro\u010dja predprimarnega izobra\u017eevanja otroka.&nbsp;<\/span><\/p><blockquote style=\"box-sizing: border-box; border-left: 11px solid rgb(241, 135, 1); margin: 56px 0px; padding: 70px 76px 70px 126px; font-size: 24px; line-height: 1.583em; box-shadow: rgba(30, 61, 96, 0.03) 0px 5px 15px 0px; border-radius: 10px 20px 20px 10px; color: rgb(98, 119, 143); font-family: &quot;Plus Jakarta Sans&quot;, sans-serif; letter-spacing: normal; text-wrap-mode: wrap;\"><span style=\"box-sizing: border-box; font-weight: 700; color: rgb(0, 33, 226);\"><em style=\"box-sizing: border-box;\">Otrok je suveren gospodar svojega \u010dasa. Vse ostalo je le vabilo k raziskovanju.<\/em><\/span><\/blockquote><p style=\"box-sizing: border-box; margin: 0px auto 40px; max-width: 780px; text-align: justify;\"><font color=\"#62778f\" face=\"Plus Jakarta Sans, sans-serif\"><span style=\"font-size: 18px; letter-spacing: normal;\"><span style=\"color:#0066cc;\"><strong style=\"color: rgb(0, 0, 255);\">A key factor<\/strong><\/span> za odprtje zavoda Lada Center je bila osebna izku\u0161nja zagotavljanja popolne svobode lastnima otrokoma v predprimarnem obdobju. Ta izku\u0161nja je bila tako transformativna, da je Klavdija \u017eelela vzpostaviti dejansko okolje \u2013 prostor svobode \u2013 kjer je vsak posameznik prost v svojih odlo\u010ditvah, dokler te ne posegajo v pravice drugih ali ne kr\u0161ijo meja skupnosti.<\/span><\/font><\/p><p style=\"box-sizing: border-box; margin: 0px auto 40px; max-width: 780px; text-align: justify;\"><span style=\"font-size: 18px; letter-spacing: normal; color: rgb(98, 119, 143); font-family: &quot;Plus Jakarta Sans&quot;, sans-serif; text-wrap-mode: initial;\">Trdno verjame, da je u\u010denje naravna posledica otrokove radovednosti, ne pa rezultat zunanjega kurikula ali sistemske prisile. Njena \u017eelja je, da Lada Center postane trdno zasidran zgled za druge institucije. Meni namre\u010d, da je trenutna kultura odraslega sveta v Sloveniji do otrok pogosto poni\u017eujo\u010da in da se je stroka izgubila v nepoznavanju otrokove prave narave.<\/span><\/p><p style=\"box-sizing: border-box; margin: 0px auto 40px; max-width: 780px; text-align: justify;\"><span style=\"font-size: 18px; letter-spacing: normal; color: rgb(98, 119, 143); font-family: &quot;Plus Jakarta Sans&quot;, sans-serif; text-wrap-mode: initial;\">V demokrati\u010dni \u0161oli Lada Center so vse lekcije, delavnice in dejavnosti prostovoljne. Otrok je suveren gospodar svojega \u010dasa. Obiskovanje pouka je izbirno, vsa pravila in skupne dejavnosti pa se oblikujejo na demokrati\u010den na\u010din z glasovanjem. Klavdija poudarja, da so otroci \u017eeljni prevzemati odgovornost za svoja dejanja, vendar morajo za to obstajati dejanske okoli\u0161\u010dine. Pri tem je nujna izjemna ob\u010dutljivost, previdnost in globoko razumevanje otrokove integritete. Lada Center je zato predvsem zgled demokrati\u010dne in alternativne edukacije. Samoupravljanje (self-governance) je klju\u010dno vodilo ustanoviteljice, ki \u017eeli ponuditi prilo\u017enost vsem otrokom, pripravljenim na tak\u0161no pot. To \u0161olo prina\u0161a otrokom, ker je prepri\u010dana, da si otroci tudi v na\u0161em okolju zaslu\u017eijo druga\u010dne, pristne prilo\u017enosti za razvoj svoje suverenosti.<\/span><\/p><p style=\"box-sizing: border-box; margin: 0px auto 40px; max-width: 780px; color: rgb(98, 119, 143); font-family: &quot;Plus Jakarta Sans&quot;, sans-serif; font-size: 18px; letter-spacing: normal; text-wrap-mode: wrap;\"><br><\/p>","protected":false},"excerpt":{"rendered":"","protected":false},"author":5,"featured_media":0,"parent":22,"menu_order":1,"comment_status":"closed","ping_status":"closed","template":"","meta":{"pagelayer_contact_templates":[],"_pagelayer_content":"","_monsterinsights_skip_tracking":false,"_monsterinsights_sitenote_active":false,"_monsterinsights_sitenote_note":"","_monsterinsights_sitenote_category":0,"footnotes":""},"class_list":["post-173","page","type-page","status-publish","hentry"],"aioseo_notices":[],"_links":{"self":[{"href":"https:\/\/www.lada-center.education\/en\/wp-json\/wp\/v2\/pages\/173","targetHints":{"allow":["GET"]}}],"collection":[{"href":"https:\/\/www.lada-center.education\/en\/wp-json\/wp\/v2\/pages"}],"about":[{"href":"https:\/\/www.lada-center.education\/en\/wp-json\/wp\/v2\/types\/page"}],"author":[{"embeddable":true,"href":"https:\/\/www.lada-center.education\/en\/wp-json\/wp\/v2\/users\/5"}],"replies":[{"embeddable":true,"href":"https:\/\/www.lada-center.education\/en\/wp-json\/wp\/v2\/comments?post=173"}],"version-history":[{"count":0,"href":"https:\/\/www.lada-center.education\/en\/wp-json\/wp\/v2\/pages\/173\/revisions"}],"up":[{"embeddable":true,"href":"https:\/\/www.lada-center.education\/en\/wp-json\/wp\/v2\/pages\/22"}],"wp:attachment":[{"href":"https:\/\/www.lada-center.education\/en\/wp-json\/wp\/v2\/media?parent=173"}],"curies":[{"name":"wp","href":"https:\/\/api.w.org\/{rel}","templated":true}]}}