{"id":180,"date":"2025-07-25T00:28:51","date_gmt":"2025-07-24T22:28:51","guid":{"rendered":"https:\/\/ladacenter.dreamhosters.com\/?page_id=180"},"modified":"2026-03-28T22:30:42","modified_gmt":"2026-03-28T20:30:42","slug":"ida","status":"publish","type":"page","link":"https:\/\/www.lada-center.education\/en\/domov\/kdo-smo\/svet-zavoda\/ida\/","title":{"rendered":"Ida \u0160timec"},"content":{"rendered":"<h2><span style=\"text-wrap-mode: initial; letter-spacing: -0.1px;\">More about&nbsp;<\/span><span style=\"letter-spacing: -0.1px; text-wrap-mode: initial;\">Ida \u0160timec<br><\/span><\/h2><h2><p class=\"rich-text w-richtext\" style=\"box-sizing: border-box; color: rgb(98, 119, 143); font-family: &quot;Plus Jakarta Sans&quot;, sans-serif; font-size: 18px; letter-spacing: normal;\"><\/p><p style=\"box-sizing: border-box; margin: 0px auto 40px; max-width: 780px; text-align: justify;\"><span style=\"text-wrap-mode: initial; font-family: &quot;Plus Jakarta Sans&quot;, sans-serif; font-size: 18px; letter-spacing: normal; box-sizing: border-box; font-weight: 700; color: rgb(0, 33, 226);\">Po izobrazbi magistrica profesorica razrednega pouka z angle\u0161\u010dino.<\/span><span style=\"text-wrap-mode: initial; color: rgb(98, 119, 143); font-family: &quot;Plus Jakarta Sans&quot;, sans-serif; font-size: 18px; letter-spacing: normal;\">&nbsp;Mama treh sinov, od \u0161olskega leta 2021\/2022 pou\u010duje na domu. Ugotavlja, da pristopi, ki delujejo v razredu, pogosto ne u\u010dinkujejo pri lastnih otrocih, zato je iznajdljiva in prilagodljiva ter&nbsp; ve\u010dkrat ustvarja lastne didakti\u010dne materiale. \u017de od \u0161tudija jo zanimajo alternativni pristopi do u\u010denja.&nbsp;<\/span><\/p><p style=\"box-sizing: border-box; margin: 0px auto 40px; max-width: 780px; text-align: justify;\"><font color=\"#62778f\" face=\"Plus Jakarta Sans, sans-serif\"><span style=\"font-size: 18px; letter-spacing: normal;\">Navdih, ideje in sprostitev najde v naravi, na vrtu, sprehodih, pri plesu in branju.&nbsp;<\/span><\/font><\/p><p style=\"box-sizing: border-box; margin: 0px auto 40px; max-width: 780px; text-wrap-mode: wrap; letter-spacing: normal; font-size: 18px; font-family: &quot;Plus Jakarta Sans&quot;, sans-serif; color: rgb(98, 119, 143); text-align: justify;\">Aktivno sodeluje v lokalni skupnosti kot prostovoljka pri organizaciji dogodkov in delavnic za otroke. Poleg tega je del mednarodne skupnosti Ubuntu Mastermind, v okviru organizacije Evolving Education. Ta povezuje strokovnjake iz celega sveta, ki delujejo v inovativnih in alternativnih izobra\u017eevalnih pristopih.&nbsp;<\/p><p style=\"box-sizing: border-box; margin: 0px auto 40px; max-width: 780px; color: rgb(98, 119, 143); font-family: &quot;Plus Jakarta Sans&quot;, sans-serif; font-size: 18px; letter-spacing: normal; text-wrap-mode: wrap; text-align: justify;\">She finds meaning and inspiration in nature and gardening. She loves walking, dancing, and discovering the unknown. Ida volunteers in her local community, helping to organise and lead events. In the past, she has also volunteered with children in various organisations.<\/p><p style=\"box-sizing: border-box; margin: 0px auto 40px; max-width: 780px; color: rgb(98, 119, 143); font-family: &quot;Plus Jakarta Sans&quot;, sans-serif; font-size: 18px; letter-spacing: normal; text-wrap-mode: wrap; text-align: justify;\"><span style=\"box-sizing: border-box; font-weight: 700; color: rgb(0, 33, 226);\">\u017deli si, da bi bile alternativne oblike izobra\u017eevanja v Sloveniji prepoznane kot doprinos dru\u017ebi, ne kot gro\u017enja javnemu \u0161olstvu.<\/span><\/p><p><\/p><\/h2>","protected":false},"excerpt":{"rendered":"","protected":false},"author":5,"featured_media":0,"parent":22,"menu_order":3,"comment_status":"closed","ping_status":"closed","template":"","meta":{"pagelayer_contact_templates":[],"_pagelayer_content":"","_monsterinsights_skip_tracking":false,"_monsterinsights_sitenote_active":false,"_monsterinsights_sitenote_note":"","_monsterinsights_sitenote_category":0,"footnotes":""},"class_list":["post-180","page","type-page","status-publish","hentry"],"aioseo_notices":[],"_links":{"self":[{"href":"https:\/\/www.lada-center.education\/en\/wp-json\/wp\/v2\/pages\/180","targetHints":{"allow":["GET"]}}],"collection":[{"href":"https:\/\/www.lada-center.education\/en\/wp-json\/wp\/v2\/pages"}],"about":[{"href":"https:\/\/www.lada-center.education\/en\/wp-json\/wp\/v2\/types\/page"}],"author":[{"embeddable":true,"href":"https:\/\/www.lada-center.education\/en\/wp-json\/wp\/v2\/users\/5"}],"replies":[{"embeddable":true,"href":"https:\/\/www.lada-center.education\/en\/wp-json\/wp\/v2\/comments?post=180"}],"version-history":[{"count":0,"href":"https:\/\/www.lada-center.education\/en\/wp-json\/wp\/v2\/pages\/180\/revisions"}],"up":[{"embeddable":true,"href":"https:\/\/www.lada-center.education\/en\/wp-json\/wp\/v2\/pages\/22"}],"wp:attachment":[{"href":"https:\/\/www.lada-center.education\/en\/wp-json\/wp\/v2\/media?parent=180"}],"curies":[{"name":"wp","href":"https:\/\/api.w.org\/{rel}","templated":true}]}}