{"id":22,"date":"2025-07-23T17:40:14","date_gmt":"2025-07-23T15:40:14","guid":{"rendered":"https:\/\/ladacenter.dreamhosters.com\/about\/"},"modified":"2026-03-28T23:51:59","modified_gmt":"2026-03-28T21:51:59","slug":"svet-zavoda","status":"publish","type":"page","link":"https:\/\/www.lada-center.education\/en\/domov\/kdo-smo\/svet-zavoda\/","title":{"rendered":"Council"},"content":{"rendered":"<h2>Council<\/h2>\n\n\n\n\n<p><span style=\"text-wrap-mode: initial; background-color: rgba(255, 255, 255, 0); letter-spacing: -0.1px;\"><strong style=\"color: rgb(255, 153, 0); font-family: &quot;Arial Black&quot;;\">Founder<\/strong><\/span><\/p><p><span style=\"letter-spacing: -0.1px; color: rgb(68, 68, 68);\">Klavdija verjame v izobra\u017eevanje, ki popolnoma izvira iz interesa otroka, pri \u010demer zagovarja pravico otroka do njegove intelektualne lastnine.<\/span><\/p>\n\n<p style=\"letter-spacing: -0.1px;\"><span style=\"background-color: rgba(255, 255, 255, 0); letter-spacing: -0.1px; text-wrap-mode: initial;\"><font color=\"#ff9900\" face=\"Arial Black\">Pedagogue<\/font><\/span><\/p><p style=\"\"><font color=\"#444444\">Magistrica pou\u010devanja z angle\u0161\u010dino, aktivna v lokalni in mednarodni skupnosti alternativnega pou\u010devanja.<\/font><\/p>\n\n\n\n<p style=\"letter-spacing: -0.1px;\"><span style=\"text-wrap-mode: initial; background-color: rgba(255, 255, 255, 0); letter-spacing: -0.1px;\"><strong style=\"color: rgb(255, 153, 0); font-family: &quot;Arial Black&quot;;\"><\/strong><\/span><\/p><p style=\"letter-spacing: -0.1px;\"><span style=\"text-wrap-mode: initial; background-color: rgba(255, 255, 255, 0); letter-spacing: -0.1px;\"><font color=\"#000000\" face=\"Arial Black\">Usposobljenka za UN-UPR<\/font><\/span><\/p><p style=\"letter-spacing: -0.1px;\"><span style=\"color: rgb(68, 68, 68); text-wrap-mode: initial; background-color: rgba(255, 255, 255, 0); letter-spacing: -0.1px;\">She is a person deeply committed to protecting human and children\u2019s rights.<\/span><\/p>","protected":false},"excerpt":{"rendered":"","protected":false},"author":5,"featured_media":0,"parent":120,"menu_order":1,"comment_status":"closed","ping_status":"closed","template":"","meta":{"pagelayer_contact_templates":[],"_pagelayer_content":"","_monsterinsights_skip_tracking":false,"_monsterinsights_sitenote_active":false,"_monsterinsights_sitenote_note":"","_monsterinsights_sitenote_category":0,"footnotes":""},"class_list":["post-22","page","type-page","status-publish","hentry"],"aioseo_notices":[],"_links":{"self":[{"href":"https:\/\/www.lada-center.education\/en\/wp-json\/wp\/v2\/pages\/22","targetHints":{"allow":["GET"]}}],"collection":[{"href":"https:\/\/www.lada-center.education\/en\/wp-json\/wp\/v2\/pages"}],"about":[{"href":"https:\/\/www.lada-center.education\/en\/wp-json\/wp\/v2\/types\/page"}],"author":[{"embeddable":true,"href":"https:\/\/www.lada-center.education\/en\/wp-json\/wp\/v2\/users\/5"}],"replies":[{"embeddable":true,"href":"https:\/\/www.lada-center.education\/en\/wp-json\/wp\/v2\/comments?post=22"}],"version-history":[{"count":0,"href":"https:\/\/www.lada-center.education\/en\/wp-json\/wp\/v2\/pages\/22\/revisions"}],"up":[{"embeddable":true,"href":"https:\/\/www.lada-center.education\/en\/wp-json\/wp\/v2\/pages\/120"}],"wp:attachment":[{"href":"https:\/\/www.lada-center.education\/en\/wp-json\/wp\/v2\/media?parent=22"}],"curies":[{"name":"wp","href":"https:\/\/api.w.org\/{rel}","templated":true}]}}