{"id":524,"date":"2025-08-05T22:13:02","date_gmt":"2025-08-05T20:13:02","guid":{"rendered":"https:\/\/www.lada-center.education\/?page_id=524"},"modified":"2025-08-18T14:38:01","modified_gmt":"2025-08-18T12:38:01","slug":"avtor-alenka-nemanic","status":"publish","type":"page","link":"https:\/\/www.lada-center.education\/en\/clanki\/avtor-alenka-nemanic\/","title":{"rendered":"\u010clanki-avtor: Alenka Nemani\u010d"},"content":{"rendered":"<div class='pt-cv-wrapper'> <div class=\"pt-cv-view pt-cv-collapsible iscvblock iscvreal collapsible layout1\" id=\"pt-cv-view-s980iosk\"><div data-id=\"pt-cv-page-1\" class=\"pt-cv-page\" data-cvc=\"3\"><div class=\"panel-group\" id=\"cb63ae5vap\"><div class=\"panel panel-default pt-cv-content-item pt-cv-1-col\" >\r\n<div class=\"panel-heading pt-cv-title\">\r\n    <a class=\"panel-title\" data-toggle=\"cvcollapse\" data-parent=\"#cb63ae5vap\" data-target=\"#f762a18nhg\" href='https:\/\/www.lada-center.education\/en\/blog\/poletje-v-kampu-veli-joze\/' onclick='event.preventDefault()'>\r\n\t\tPoletje v kampu Veli Jo\u017ee\t<\/a>\r\n\t<\/div>\r\n<div id=\"f762a18nhg\" class=\"panel-collapse collapse in\">\r\n\t<div class=\"panel-body\">\r\n\t\t<div class=\"pt-cv-taxoterm above_title\"><a href='https:\/\/www.lada-center.education\/en\/blog\/category\/dogodki\/' title='Events' class='pt-cv-tax-dogodki'>Events<\/a><\/div>\n<div class=\"pt-cv-content\">Vabimo vas, da se nam pridru\u017eite na hrva\u0161ki obali, v kampu Veli Jo\u017ee, kjer si bo vsaka dru\u017eina pod borovci poiskala svoj koti\u010dek za kampiranje, dneve pa bomo pre\u017eivljali v skupnem dru\u017eenju, morju in ustvarjanju nepozabnih spominov &#8230;<\/div>\n<div class=\"pt-cv-rmwrap\"><a href=\"https:\/\/www.lada-center.education\/en\/blog\/poletje-v-kampu-veli-joze\/\" class=\"_blank pt-cv-readmore btn btn-success\" target=\"_blank\" >Read more<\/a><\/div>\n<div class=\"pt-cv-meta-fields\"><span class=\"entry-date\"><span class=\"glyphicon glyphicon-calendar\"><\/span> <time datetime=\"2026-04-22T11:12:05+02:00\">22.04.2026<\/time><\/span><span> \/ <\/span><span class=\"author\"><span class=\"glyphicon glyphicon-user\"><\/span> <a href=\"https:\/\/www.lada-center.education\/en\/blog\/author\/alenka\/\" rel=\"author\">Alenka Nemani\u010d<\/a><\/span><\/div>\t<\/div>\r\n<\/div><\/div>\n<div class=\"panel panel-default pt-cv-content-item pt-cv-1-col\" >\r\n<div class=\"panel-heading pt-cv-title\">\r\n    <a class=\"panel-title\" data-toggle=\"cvcollapse\" data-parent=\"#cb63ae5vap\" data-target=\"#a45581ars6\" href='https:\/\/www.lada-center.education\/en\/blog\/ob-ponedeljkih-v-gosteh-sep2025\/' onclick='event.preventDefault()'>\r\n\t\tOb ponedeljkih v gosteh, 22.9. in 29.9.2025\t<\/a>\r\n\t<\/div>\r\n<div id=\"a45581ars6\" class=\"panel-collapse collapse\">\r\n\t<div class=\"panel-body\">\r\n\t\t<div class=\"pt-cv-taxoterm above_title\"><a href='https:\/\/www.lada-center.education\/en\/blog\/category\/dogodki\/' title='Events' class='pt-cv-tax-dogodki'>Events<\/a><\/div>\n<div class=\"pt-cv-content\">Kupite vstopnice pravo\u010dasno. Opis dogodka: Ob ponedeljkih v gosteh \u2013 kulturni utrip prina\u0161a v ob\u010dino Grosuplje gostovanja razli\u010dnih vrhunskih umetni\u0161kih skupin in umetnikov, ki bodo predstavili raznolik spekter slovenske sodobne ustvarjalnosti, ki pa ni primarno provokativne narave ampak poudarja  &#8230;<\/div>\n<div class=\"pt-cv-rmwrap\"><a href=\"https:\/\/www.lada-center.education\/en\/blog\/ob-ponedeljkih-v-gosteh-sep2025\/\" class=\"_blank pt-cv-readmore btn btn-success\" target=\"_blank\" >Read more<\/a><\/div>\n<div class=\"pt-cv-meta-fields\"><span class=\"entry-date\"><span class=\"glyphicon glyphicon-calendar\"><\/span> <time datetime=\"2025-08-10T15:32:00+02:00\">10.08.2025<\/time><\/span><span> \/ <\/span><span class=\"author\"><span class=\"glyphicon glyphicon-user\"><\/span> <a href=\"https:\/\/www.lada-center.education\/en\/blog\/author\/alenka\/\" rel=\"author\">Alenka Nemani\u010d<\/a><\/span><\/div>\t<\/div>\r\n<\/div><\/div><\/div><\/div><\/div> <\/div> <style>\n\n#pt-cv-view-s980iosk { border-style: none; }#pt-cv-view-s980iosk .pt-cv-meta-fields {  }#pt-cv-view-s980iosk .pt-cv-meta-fields * { color: #686868;font-size: 13px; }#pt-cv-view-s980iosk .pt-cv-title a { text-align: left;display: block;background-color: #ade1ff; }#pt-cv-view-s980iosk .pt-cv-title:not(.pt-cv-titlesm) a { font-weight: 600;text-decoration: none;font-size: 20px; }#pt-cv-view-s980iosk .pt-cv-titlesm a { font-weight: 600;font-size: 18px; }#pt-cv-view-s980iosk .pt-cv-content { font-size: 15px; }#pt-cv-view-s980iosk .pt-cv-rmwrap {  }#pt-cv-view-s980iosk .pt-cv-readmore { color: #fff;background-color: #0075ff;font-size: 14px; }#pt-cv-view-s980iosk .pt-cv-taxoterm {  }#pt-cv-view-s980iosk .pt-cv-taxoterm * { color: #222;background-color: #ade1ff;border-style: none;font-size: 14px; }#pt-cv-view-s980iosk + .pt-cv-pagination-wrapper {  }#pt-cv-view-s980iosk + .pt-cv-pagination-wrapper a { font-size: 14px; }#pt-cv-view-s980iosk .pt-cv-title a:hover { color: #009fff;background-color: #eef8ff; }#pt-cv-view-s980iosk .pt-cv-title:not(.pt-cv-titlesm) a:hover {  }#pt-cv-view-s980iosk .pt-cv-rmwrap:hover {  }#pt-cv-view-s980iosk .pt-cv-readmore:hover { background-color: #0000ff; }#pt-cv-view-s980iosk .pt-cv-taxoterm:hover {  }#pt-cv-view-s980iosk .pt-cv-taxoterm *:hover { background-color: #ffb516; }\n@media all and (max-width: 1024px) { \n\n} \n@media all and (max-width: 767px) { \n\n} <\/style>\n\n<p><\/p>","protected":false},"excerpt":{"rendered":"","protected":false},"author":5,"featured_media":0,"parent":26,"menu_order":0,"comment_status":"closed","ping_status":"closed","template":"","meta":{"pagelayer_contact_templates":[],"_pagelayer_content":"","_monsterinsights_skip_tracking":false,"_monsterinsights_sitenote_active":false,"_monsterinsights_sitenote_note":"","_monsterinsights_sitenote_category":0,"footnotes":""},"class_list":["post-524","page","type-page","status-publish","hentry"],"aioseo_notices":[],"_links":{"self":[{"href":"https:\/\/www.lada-center.education\/en\/wp-json\/wp\/v2\/pages\/524","targetHints":{"allow":["GET"]}}],"collection":[{"href":"https:\/\/www.lada-center.education\/en\/wp-json\/wp\/v2\/pages"}],"about":[{"href":"https:\/\/www.lada-center.education\/en\/wp-json\/wp\/v2\/types\/page"}],"author":[{"embeddable":true,"href":"https:\/\/www.lada-center.education\/en\/wp-json\/wp\/v2\/users\/5"}],"replies":[{"embeddable":true,"href":"https:\/\/www.lada-center.education\/en\/wp-json\/wp\/v2\/comments?post=524"}],"version-history":[{"count":0,"href":"https:\/\/www.lada-center.education\/en\/wp-json\/wp\/v2\/pages\/524\/revisions"}],"up":[{"embeddable":true,"href":"https:\/\/www.lada-center.education\/en\/wp-json\/wp\/v2\/pages\/26"}],"wp:attachment":[{"href":"https:\/\/www.lada-center.education\/en\/wp-json\/wp\/v2\/media?parent=524"}],"curies":[{"name":"wp","href":"https:\/\/api.w.org\/{rel}","templated":true}]}}