{"id":992,"date":"2025-10-17T16:26:04","date_gmt":"2025-10-17T14:26:04","guid":{"rendered":"https:\/\/www.lada-center.education\/?page_id=992"},"modified":"2026-04-01T19:25:13","modified_gmt":"2026-04-01T17:25:13","slug":"lada-casopis-vsi-dogodki","status":"publish","type":"page","link":"https:\/\/www.lada-center.education\/en\/blog\/lada-casopis-vsi-dogodki\/","title":{"rendered":"Lada \u010dasopis &#8211; Vsi dogodki"},"content":{"rendered":"<div class='pt-cv-wrapper'> <h3 class='pt-cv-heading-container heading1' data-blockid='glw6vuaz'><span class='pt-cv-heading'> Current events <\/span><\/h3><div class=\"pt-cv-view pt-cv-collapsible iscvblock iscvreal collapsible layout1\" id=\"pt-cv-view-glw6vuaz\"><div data-id=\"pt-cv-page-1\" class=\"pt-cv-page\" data-cvc=\"3\"><div class=\"panel-group\" id=\"e6cd1176kj\"><div class=\"panel panel-default pt-cv-content-item pt-cv-1-col\" >\r\n<div class=\"panel-heading pt-cv-title\">\r\n    <a class=\"panel-title\" data-toggle=\"cvcollapse\" data-parent=\"#e6cd1176kj\" data-target=\"#c2a8129821\" href='https:\/\/www.lada-center.education\/en\/blog\/poletje-v-kampu-veli-joze\/' onclick='event.preventDefault()'>\r\n\t\tPoletje v kampu Veli Jo\u017ee\t<\/a>\r\n\t<\/div>\r\n<div id=\"c2a8129821\" class=\"panel-collapse collapse in\">\r\n\t<div class=\"panel-body\">\r\n\t\t<div class=\"pt-cv-thumb-wrapper\"><a href=\"https:\/\/www.lada-center.education\/en\/blog\/poletje-v-kampu-veli-joze\/\" class=\"_blank pt-cv-href-thumbnail pt-cv-thumb-default\" target=\"_blank\" ><\/a><\/div>\n<div class=\"pt-cv-taxoterm above_title\"><a href='https:\/\/www.lada-center.education\/en\/blog\/category\/dogodki\/' title='Events' class='pt-cv-tax-dogodki'>Events<\/a><\/div>\n<div class=\"pt-cv-content\">Vabimo vas, da se nam pridru\u017eite na hrva\u0161ki obali, v kampu Veli Jo\u017ee, kjer si bo vsaka dru\u017eina pod borovci poiskala svoj koti\u010dek za kampiranje, dneve pa bomo pre\u017eivljali v skupnem dru\u017eenju, morju in ustvarjanju nepozabnih spominov &#8230;<\/div>\n<div class=\"pt-cv-rmwrap\"><a href=\"https:\/\/www.lada-center.education\/en\/blog\/poletje-v-kampu-veli-joze\/\" class=\"_blank pt-cv-readmore btn btn-success\" target=\"_blank\" >Read more<\/a><\/div>\n<div class=\"pt-cv-meta-fields\"><span class=\"entry-date\"> <time datetime=\"2026-04-22T11:12:05+02:00\">22.04.2026<\/time><\/span><span> \/ <\/span><span class=\"author\"> <a href=\"https:\/\/www.lada-center.education\/en\/blog\/author\/alenka\/\" rel=\"author\">Alenka Nemani\u010d<\/a><\/span><\/div>\t<\/div>\r\n<\/div><\/div>\n<div class=\"panel panel-default pt-cv-content-item pt-cv-1-col\" >\r\n<div class=\"panel-heading pt-cv-title\">\r\n    <a class=\"panel-title\" data-toggle=\"cvcollapse\" data-parent=\"#e6cd1176kj\" data-target=\"#aa3c8eepkd\" href='https:\/\/www.lada-center.education\/en\/blog\/vpis-2026-27\/' onclick='event.preventDefault()'>\r\n\t\tVabljeni k vpisu\t<\/a>\r\n\t<\/div>\r\n<div id=\"aa3c8eepkd\" class=\"panel-collapse collapse\">\r\n\t<div class=\"panel-body\">\r\n\t\t<div class=\"pt-cv-thumb-wrapper\"><a href=\"https:\/\/www.lada-center.education\/en\/blog\/vpis-2026-27\/\" class=\"_blank pt-cv-href-thumbnail pt-cv-thumb-default\" target=\"_blank\" ><\/a><\/div>\n<div class=\"pt-cv-taxoterm above_title\"><a href='https:\/\/www.lada-center.education\/en\/blog\/category\/dogodki\/' title='Events' class='pt-cv-tax-dogodki'>Events<\/a><\/div>\n<div class=\"pt-cv-content\">Si upate izbrati svobodo za va\u0161ega otroka? Odprti so vpisi v Lada Center za \u0161olsko leto 2026\/2027 &#8230;<\/div>\n<div class=\"pt-cv-rmwrap\"><a href=\"https:\/\/www.lada-center.education\/en\/blog\/vpis-2026-27\/\" class=\"_blank pt-cv-readmore btn btn-success\" target=\"_blank\" >Read more<\/a><\/div>\n<div class=\"pt-cv-meta-fields\"><span class=\"entry-date\"> <time datetime=\"2026-03-28T22:58:20+02:00\">28.03.2026<\/time><\/span><span> \/ <\/span><span class=\"author\"> <a href=\"https:\/\/www.lada-center.education\/en\/blog\/author\/ladacenter\/\" rel=\"author\">Lada Center<\/a><\/span><\/div>\t<\/div>\r\n<\/div><\/div><\/div><\/div><\/div> <\/div> <style>\n\n#pt-cv-view-glw6vuaz .panel-body {  }#pt-cv-view-glw6vuaz .pt-cv-content-item { border-style: none;border-width: 7px 7px 7px 7px;box-shadow: 4px 4px 2px 2px #3593e3; }#pt-cv-view-glw6vuaz .pt-cv-meta-fields {  }#pt-cv-view-glw6vuaz .pt-cv-meta-fields * { font-size: 13px; }#pt-cv-view-glw6vuaz .pt-cv-title a { display: block;background-color: #8ed1fc; }#pt-cv-view-glw6vuaz .pt-cv-title:not(.pt-cv-titlesm) a { font-weight: 600;text-decoration: none;font-size: 20px; }#pt-cv-view-glw6vuaz .pt-cv-titlesm a { font-weight: 600;font-size: 18px; }#pt-cv-view-glw6vuaz .pt-cv-content { font-size: 15px; }#pt-cv-view-glw6vuaz .pt-cv-rmwrap {  }#pt-cv-view-glw6vuaz .pt-cv-readmore { color: #fff;background-color: #0075ff;font-size: 14px; }#pt-cv-view-glw6vuaz .pt-cv-taxoterm {  }#pt-cv-view-glw6vuaz .pt-cv-taxoterm * { color: #222;background-color: #fcb900;font-size: 14px; }#pt-cv-view-glw6vuaz + .pt-cv-pagination-wrapper {  }#pt-cv-view-glw6vuaz + .pt-cv-pagination-wrapper a { font-size: 14px; }#pt-cv-view-glw6vuaz .pt-cv-title a:hover { background-color: #c8eaff; }#pt-cv-view-glw6vuaz .pt-cv-title:not(.pt-cv-titlesm) a:hover {  }\n@media all and (max-width: 1024px) { \n\n} \n@media all and (max-width: 767px) { \n\n} <\/style>\n\n\n\n<div class='pt-cv-wrapper'> <h3 class='pt-cv-heading-container heading1' data-blockid='88lmb2uj'><span class='pt-cv-heading'> Kon\u010dani dogodki <\/span><\/h3><div class=\"pt-cv-view pt-cv-collapsible iscvblock iscvreal collapsible layout1\" id=\"pt-cv-view-88lmb2uj\"><div data-id=\"pt-cv-page-1\" class=\"pt-cv-page\" data-cvc=\"3\"><div class=\"panel-group\" id=\"c747714kut\"><div class=\"panel panel-default pt-cv-content-item pt-cv-1-col\" >\r\n<div class=\"panel-heading pt-cv-title\">\r\n    <a class=\"panel-title\" data-toggle=\"cvcollapse\" data-parent=\"#c747714kut\" data-target=\"#59e45dexev\" href='https:\/\/www.lada-center.education\/en\/blog\/poziv-na-srecanje-ind-april-2026\/' onclick='event.preventDefault()'>\r\n\t\tPoziv na sre\u010danje IND April 2026\t<\/a>\r\n\t<\/div>\r\n<div id=\"59e45dexev\" class=\"panel-collapse collapse in\">\r\n\t<div class=\"panel-body\">\r\n\t\t<div class=\"pt-cv-thumb-wrapper\"><a href=\"https:\/\/www.lada-center.education\/en\/blog\/poziv-na-srecanje-ind-april-2026\/\" class=\"_blank pt-cv-href-thumbnail pt-cv-thumb-default\" target=\"_blank\" ><\/a><\/div>\n<div class=\"pt-cv-taxoterm above_title\"><a href='https:\/\/www.lada-center.education\/en\/blog\/category\/dogodki\/' title='Events' class='pt-cv-tax-dogodki'>Events<\/a><\/div>\n<div class=\"pt-cv-content\">V nedeljo 12. 10. 2025, ste prav lepo vabljeni na sre\u010danje IND. Sre\u010danje IND je namenjeno vsem otrokom, star\u0161em, somentorjem in iskrenim podpornikom tovrstnega izobra\u017eevanja &#8230;<\/div>\n<div class=\"pt-cv-rmwrap\"><a href=\"https:\/\/www.lada-center.education\/en\/blog\/poziv-na-srecanje-ind-april-2026\/\" class=\"_blank pt-cv-readmore btn btn-success\" target=\"_blank\" >Read more<\/a><\/div>\n<div class=\"pt-cv-meta-fields\"><span class=\"entry-date\"> <time datetime=\"2026-03-28T22:57:28+02:00\">28.03.2026<\/time><\/span><span> \/ <\/span><span class=\"author\"> <a href=\"https:\/\/www.lada-center.education\/en\/blog\/author\/klavdijasde\/\" rel=\"author\">Klavdija Ho\u010devar Kastelic<\/a><\/span><\/div>\t<\/div>\r\n<\/div><\/div>\n<div class=\"panel panel-default pt-cv-content-item pt-cv-1-col\" >\r\n<div class=\"panel-heading pt-cv-title\">\r\n    <a class=\"panel-title\" data-toggle=\"cvcollapse\" data-parent=\"#c747714kut\" data-target=\"#efbc935lfv\" href='https:\/\/www.lada-center.education\/en\/blog\/pgd-veliko-mlacevo-glasbisce\/' onclick='event.preventDefault()'>\r\n\t\tPGD Veliko Mla\u010devo: Glasbi\u0161\u010de\t<\/a>\r\n\t<\/div>\r\n<div id=\"efbc935lfv\" class=\"panel-collapse collapse\">\r\n\t<div class=\"panel-body\">\r\n\t\t<div class=\"pt-cv-thumb-wrapper\"><a href=\"https:\/\/www.lada-center.education\/en\/blog\/pgd-veliko-mlacevo-glasbisce\/\" class=\"_blank pt-cv-href-thumbnail pt-cv-thumb-default\" target=\"_blank\" ><\/a><\/div>\n<div class=\"pt-cv-taxoterm above_title\"><a href='https:\/\/www.lada-center.education\/en\/blog\/category\/dogodki\/' title='Events' class='pt-cv-tax-dogodki'>Events<\/a><\/div>\n<div class=\"pt-cv-content\">Pridru\u017eite se nam in do\u017eivite glasbeno ustvarjanje, polno radosti in skupnosti! Komu je delavnica namenjena? Vsem od 8. leta dalje, ne glede na glasbeno predznanje. Dobrodo\u0161la so tudi akusti\u010dna glasbila ali zvo\u010dila iz doma\u010de zaloge &#8230;<\/div>\n<div class=\"pt-cv-rmwrap\"><a href=\"https:\/\/www.lada-center.education\/en\/blog\/pgd-veliko-mlacevo-glasbisce\/\" class=\"_blank pt-cv-readmore btn btn-success\" target=\"_blank\" >Read more<\/a><\/div>\n<div class=\"pt-cv-meta-fields\"><span class=\"entry-date\"> <time datetime=\"2025-10-15T01:27:00+02:00\">15.10.2025<\/time><\/span><span> \/ <\/span><span class=\"author\"> <a href=\"https:\/\/www.lada-center.education\/en\/blog\/author\/ladacenter\/\" rel=\"author\">Lada Center<\/a><\/span><\/div>\t<\/div>\r\n<\/div><\/div>\n<div class=\"panel panel-default pt-cv-content-item pt-cv-1-col\" >\r\n<div class=\"panel-heading pt-cv-title\">\r\n    <a class=\"panel-title\" data-toggle=\"cvcollapse\" data-parent=\"#c747714kut\" data-target=\"#04d5805db3\" href='https:\/\/www.lada-center.education\/en\/blog\/poziv-na-srecanje-ind-okt-2025\/' onclick='event.preventDefault()'>\r\n\t\tPoziv na sre\u010danje IND\t<\/a>\r\n\t<\/div>\r\n<div id=\"04d5805db3\" class=\"panel-collapse collapse\">\r\n\t<div class=\"panel-body\">\r\n\t\t<div class=\"pt-cv-thumb-wrapper\"><a href=\"https:\/\/www.lada-center.education\/en\/blog\/poziv-na-srecanje-ind-okt-2025\/\" class=\"_blank pt-cv-href-thumbnail pt-cv-thumb-default\" target=\"_blank\" ><\/a><\/div>\n<div class=\"pt-cv-taxoterm above_title\"><a href='https:\/\/www.lada-center.education\/en\/blog\/category\/dogodki\/' title='Events' class='pt-cv-tax-dogodki'>Events<\/a><\/div>\n<div class=\"pt-cv-content\">V nedeljo 12. 10. 2025, ste prav lepo vabljeni na sre\u010danje IND. Sre\u010danje IND je namenjeno vsem otrokom, star\u0161em, somentorjem in iskrenim podpornikom tovrstnega izobra\u017eevanja &#8230;<\/div>\n<div class=\"pt-cv-rmwrap\"><a href=\"https:\/\/www.lada-center.education\/en\/blog\/poziv-na-srecanje-ind-okt-2025\/\" class=\"_blank pt-cv-readmore btn btn-success\" target=\"_blank\" >Read more<\/a><\/div>\n<div class=\"pt-cv-meta-fields\"><span class=\"entry-date\"> <time datetime=\"2025-10-08T17:03:00+02:00\">08.10.2025<\/time><\/span><span> \/ <\/span><span class=\"author\"> <a href=\"https:\/\/www.lada-center.education\/en\/blog\/author\/ladacenter\/\" rel=\"author\">Lada Center<\/a><\/span><\/div>\t<\/div>\r\n<\/div><\/div>\n<div class=\"panel panel-default pt-cv-content-item pt-cv-1-col\" >\r\n<div class=\"panel-heading pt-cv-title\">\r\n    <a class=\"panel-title\" data-toggle=\"cvcollapse\" data-parent=\"#c747714kut\" data-target=\"#2fb2f39ba7\" href='https:\/\/www.lada-center.education\/en\/blog\/ob-ponedeljkih-v-gosteh-sep2025\/' onclick='event.preventDefault()'>\r\n\t\tOb ponedeljkih v gosteh, 22.9. in 29.9.2025\t<\/a>\r\n\t<\/div>\r\n<div id=\"2fb2f39ba7\" class=\"panel-collapse collapse\">\r\n\t<div class=\"panel-body\">\r\n\t\t<div class=\"pt-cv-thumb-wrapper\"><a href=\"https:\/\/www.lada-center.education\/en\/blog\/ob-ponedeljkih-v-gosteh-sep2025\/\" class=\"_blank pt-cv-href-thumbnail pt-cv-thumb-default\" target=\"_blank\" ><\/a><\/div>\n<div class=\"pt-cv-taxoterm above_title\"><a href='https:\/\/www.lada-center.education\/en\/blog\/category\/dogodki\/' title='Events' class='pt-cv-tax-dogodki'>Events<\/a><\/div>\n<div class=\"pt-cv-content\">Kupite vstopnice pravo\u010dasno. Opis dogodka: Ob ponedeljkih v gosteh \u2013 kulturni utrip prina\u0161a v ob\u010dino Grosuplje gostovanja razli\u010dnih vrhunskih umetni\u0161kih skupin in umetnikov, ki bodo predstavili raznolik spekter slovenske sodobne ustvarjalnosti, ki pa ni primarno provokativne narave ampak poudarja  &#8230;<\/div>\n<div class=\"pt-cv-rmwrap\"><a href=\"https:\/\/www.lada-center.education\/en\/blog\/ob-ponedeljkih-v-gosteh-sep2025\/\" class=\"_blank pt-cv-readmore btn btn-success\" target=\"_blank\" >Read more<\/a><\/div>\n<div class=\"pt-cv-meta-fields\"><span class=\"entry-date\"> <time datetime=\"2025-08-10T15:32:00+02:00\">10.08.2025<\/time><\/span><span> \/ <\/span><span class=\"author\"> <a href=\"https:\/\/www.lada-center.education\/en\/blog\/author\/alenka\/\" rel=\"author\">Alenka Nemani\u010d<\/a><\/span><\/div>\t<\/div>\r\n<\/div><\/div>\n<div class=\"panel panel-default pt-cv-content-item pt-cv-1-col\" >\r\n<div class=\"panel-heading pt-cv-title\">\r\n    <a class=\"panel-title\" data-toggle=\"cvcollapse\" data-parent=\"#c747714kut\" data-target=\"#2429f68uqc\" href='https:\/\/www.lada-center.education\/en\/blog\/ladja-dozivetja\/' onclick='event.preventDefault()'>\r\n\t\tLad(j)a do\u017eivetja\t<\/a>\r\n\t<\/div>\r\n<div id=\"2429f68uqc\" class=\"panel-collapse collapse\">\r\n\t<div class=\"panel-body\">\r\n\t\t<div class=\"pt-cv-thumb-wrapper\"><a href=\"https:\/\/www.lada-center.education\/en\/blog\/ladja-dozivetja\/\" class=\"_blank pt-cv-href-thumbnail pt-cv-thumb-default\" target=\"_blank\" ><\/a><\/div>\n<div class=\"pt-cv-taxoterm above_title\"><a href='https:\/\/www.lada-center.education\/en\/blog\/category\/dogodki\/' title='Events' class='pt-cv-tax-dogodki'>Events<\/a><\/div>\n<div class=\"pt-cv-content\">\ud83c\udf1e\ud83c\udf89 LAD(J)A DO\u017dIVETJA je poletni program po\u010ditni\u0161kega varstva zavoda Lada center, ki otrokom 1. in 2. triade omogo\u010da zabavne in izobra\u017eevalne dejavnosti v \u010dasu poletnih po\u010ditnic. Varstvo poteka od 8.00 do 17.00. Vklju\u010dena sta malica in toplo kosilo. Otroci bodo:krepili svoje telo v razli\u010dnih gibalnih dejavnostih (\u0161tafetne igre, \u0161portni poligoni, &#8230;<\/div>\n<div class=\"pt-cv-rmwrap\"><a href=\"https:\/\/www.lada-center.education\/en\/blog\/ladja-dozivetja\/\" class=\"_blank pt-cv-readmore btn btn-success\" target=\"_blank\" >Read more<\/a><\/div>\n<div class=\"pt-cv-meta-fields\"><span class=\"entry-date\"> <time datetime=\"2025-06-16T16:09:37+02:00\">16.06.2025<\/time><\/span><span> \/ <\/span><span class=\"author\"> <a href=\"https:\/\/www.lada-center.education\/en\/blog\/author\/klavdijasde\/\" rel=\"author\">Klavdija Ho\u010devar Kastelic<\/a><\/span><\/div>\t<\/div>\r\n<\/div><\/div><\/div><\/div><\/div> <\/div> <style>\n\n#pt-cv-view-88lmb2uj .panel-body {  }#pt-cv-view-88lmb2uj .pt-cv-content-item { border-style: none;border-width: 7px 7px 7px 7px;box-shadow: 4px 4px 2px 2px #3593e3; }#pt-cv-view-88lmb2uj .pt-cv-meta-fields {  }#pt-cv-view-88lmb2uj .pt-cv-meta-fields * { font-size: 13px; }#pt-cv-view-88lmb2uj .pt-cv-title a { display: block;background-color: #8ed1fc; }#pt-cv-view-88lmb2uj .pt-cv-title:not(.pt-cv-titlesm) a { font-weight: 600;text-decoration: none;font-size: 20px; }#pt-cv-view-88lmb2uj .pt-cv-titlesm a { font-weight: 600;font-size: 18px; }#pt-cv-view-88lmb2uj .pt-cv-content { font-size: 15px; }#pt-cv-view-88lmb2uj .pt-cv-rmwrap {  }#pt-cv-view-88lmb2uj .pt-cv-readmore { color: #fff;background-color: #0075ff;font-size: 14px; }#pt-cv-view-88lmb2uj .pt-cv-taxoterm {  }#pt-cv-view-88lmb2uj .pt-cv-taxoterm * { color: #222;background-color: #fcb900;font-size: 14px; }#pt-cv-view-88lmb2uj + .pt-cv-pagination-wrapper {  }#pt-cv-view-88lmb2uj + .pt-cv-pagination-wrapper a { font-size: 14px; }#pt-cv-view-88lmb2uj .pt-cv-title a:hover { background-color: #c8eaff; }#pt-cv-view-88lmb2uj .pt-cv-title:not(.pt-cv-titlesm) a:hover {  }\n@media all and (max-width: 1024px) { \n\n} \n@media all and (max-width: 767px) { \n\n} <\/style>\n\n\n\n\n\n\r\n    <!-- Mobile Toggle Button -->\r\n    <button id=\"sidebarToggle\" class=\"sidebar-toggle\">\r\n        <span><\/span>\r\n        <span><\/span>\r\n        <span><\/span>\r\n    <\/button>\r\n\r\n    <!-- Sidebar Navigation -->\r\n    <div class=\"custom-sidebar-nav\" id=\"customSidebar\">\r\n        <!-- Close button for mobile -->\r\n        <button id=\"sidebarClose\" class=\"sidebar-close\">\u00d7<\/button>\r\n\r\n        <div style=\"padding: 20px 20px 20px 20px;\"> \r\n\t\t\t<h3 style=\" color: #000000; margin-bottom: 20px; font-size: 16px; font-weight: bold; text-align: center; margin-top: 0; \"\r\n\t\t\t\t>Navigation<\/h3>\r\n\t\t\t\r\n\t\t           \r\n\t\t\t<div class=\"sidebar-links\">\r\n                <a href=\"https:\/\/www.lada-center.education\/en\/blog\/lada-casopis-aktualni-dogodki\/\">\ud83d\udcc5 Events<\/a>\r\n                <a href=\"https:\/\/www.lada-center.education\/en\/lada-casopis-novice\/\">\ud83d\udcf0 News<\/a>\r\n                <a href=\"https:\/\/www.lada-center.education\/en\/blog\/lada-casopis-strokovni-clanki\/\">\ud83d\udcda Professional articles<\/a>\r\n                <a href=\"https:\/\/www.lada-center.education\/en\/blog\/lada-casopis-brainstorming\/\">\ud83d\udcad Brainstorming<\/a>\r\n                <a href=\"https:\/\/www.youtube.com\/@LadaCenter-SDE\/videos\" target=\"_blank\">\ud83c\udfa5 YouTube<\/a>\r\n\t\t\t\t    <div class=\"sidebar-divider\"><\/div> <!-- Divider -->\r\n                <a href=\"https:\/\/www.lada-center.education\/en\/clanki\/\">\ud83d\udcf0 All article<\/a>\r\n\t\t\t\t\t\t\t\t\r\n<\/div>\r\n\t\t\t\t\r\n            <\/div>\r\n        <\/div>\r\n    <\/div>\r\n\r\n    <!-- Content Wrapper -->\r\n    <div id=\"contentWrapper\"><\/div>\r\n\r\n    <style>\r\n    \/* Base styles *\/\r\n    .custom-sidebar-nav {\r\n        position: fixed;\r\n        top: 200px;\r\n        left: 0;\r\n        width: 200px;\r\n        \r\n        height: auto;\r\n        background: #ade1ff;\r\n        z-index: 10000;\r\n        \r\n        transition: transform 0.3s ease;\r\n        box-shadow: 2px 0 10px rgba(0,0,0,0.1);\r\n        padding: 5px;\r\n        margin: 0;\r\n        border-radius: 0 15px 15px 0;\r\n    }\r\n\r\n    .sidebar-links {\r\n        display: flex;\r\n        flex-direction: column;\r\n        gap: 12px;\r\n    }\r\n\r\n    .sidebar-links a {\r\n        text-decoration: none;\r\n        color: #000000;\r\n        font-weight: 500;\r\n        padding: 10px 5px;\r\n        border-radius: 8px;\r\n        font-size: 14px;\r\n        border: 1px solid transparent;\r\n        transition: all 0.3s ease;\r\n    }\r\n\r\n    .sidebar-links a:hover {\r\n        background: rgba(0,0,255,0.1);\r\n        border-color: rgba(0,0,255,0.2);\r\n        transform: translateX(5px);\r\n    }\r\n\r\n    .sidebar-toggle {\r\n        display: none;\r\n        position: fixed;\r\n        left: 20px;\r\n        z-index: 10001;\r\n        background: #ade1ff;\r\n        border: none;\r\n        padding: 10px;\r\n        border-radius: 5px;\r\n        cursor: pointer;\r\n        box-shadow: 0 2px 5px rgba(0,0,0,0.2);\r\n    }\r\n\r\n    .sidebar-toggle span {\r\n        display: block;\r\n        width: 20px;\r\n        height: 2px;\r\n        background: #000000;\r\n        margin: 3px 0;\r\n    }\r\n\r\n    .sidebar-close {\r\n        display: none;\r\n        position: fixed;\r\n        top: 15px;\r\n        right: 15px;\r\n        background: none;\r\n        border: none;\r\n        font-size: 24px;\r\n        cursor: pointer;\r\n        color: #000000;\r\n    }\r\n\r\n\t\t.sidebar-divider {\r\n    height: 1px;\r\n    background: rgba(0,0,0,0.2);\r\n    margin: 12px 0;\r\n}\r\n\t\t\r\n    \/* Mobile and Tablet *\/\r\n    @media (max-width: 1024px) {\r\n        .sidebar-toggle {\r\n            display: block;\r\n            top: 80px;\r\n        }\r\n\r\n\t\t.sidebar-links {\r\n        display: flex;\r\n        flex-direction: column;\r\n        gap: 12px !important;\r\n    }\r\n\t\t\r\n        .sidebar-close {\r\n            display: block !important;\r\n        }\r\n\r\n        .custom-sidebar-nav {\r\n            position: fixed; \/* namesto absolute *\/\r\n\t\t\ttop: 80px;\r\n            transform: translateX(-100%);\r\n        }\r\n\r\n        .custom-sidebar-nav.open {\r\n            transform: translateX(0);\r\n        }\r\n\r\n        #contentWrapper {\r\n            margin-left: 0;\r\n        }\r\n\r\n        body.sidebar-open {\r\n            overflow: hidden;\r\n        }\r\n \r\n\t\t.custom-sidebar-nav h3 {\r\n        margin-bottom: 40px !important;\r\n    }\r\n     \t\t\t\t\r\n\t\t.sidebar-overlay {\r\n            position: fixed;\r\n            top: 0;\r\n            left: 0;\r\n            width: 100%;\r\n            height: 100%;\r\n            background: rgba(0,0,0,0.5);\r\n            z-index: 9999;\r\n            display: none;\r\n        }\r\n    }\r\n    <\/style>\r\n\r\n    <script>\r\n    document.addEventListener('DOMContentLoaded', function() {\r\n        var sidebar = document.getElementById('customSidebar');\r\n        var toggleBtn = document.getElementById('sidebarToggle');\r\n        var closeBtn = document.getElementById('sidebarClose');\r\n\r\n        \/\/ Create overlay for mobile\r\n        var overlay = document.createElement('div');\r\n        overlay.className = 'sidebar-overlay';\r\n        document.body.appendChild(overlay);\r\n\r\n        \/\/ Toggle sidebar on mobile\r\n        toggleBtn.addEventListener('click', function() {\r\n            sidebar.classList.add('open');\r\n            overlay.style.display = 'block';\r\n            document.body.classList.add('sidebar-open');\r\n        });\r\n\r\n        function closeSidebar() {\r\n            sidebar.classList.remove('open');\r\n            overlay.style.display = 'none';\r\n            document.body.classList.remove('sidebar-open');\r\n        }\r\n\r\n        closeBtn.addEventListener('click', closeSidebar);\r\n        overlay.addEventListener('click', closeSidebar);\r\n\r\n        \/\/ Auto-close sidebar when clicking a link on mobile\r\n        document.querySelectorAll('.sidebar-links a').forEach(function(link) {\r\n            link.addEventListener('click', function() {\r\n                if (window.innerWidth <= 1024) closeSidebar();\r\n            });\r\n        });\r\n    });\r\n    <\/script>","protected":false},"excerpt":{"rendered":"","protected":false},"author":5,"featured_media":0,"parent":201,"menu_order":0,"comment_status":"closed","ping_status":"closed","template":"","meta":{"pagelayer_contact_templates":[],"_pagelayer_content":"","_monsterinsights_skip_tracking":false,"_monsterinsights_sitenote_active":false,"_monsterinsights_sitenote_note":"","_monsterinsights_sitenote_category":0,"footnotes":""},"class_list":["post-992","page","type-page","status-publish","hentry"],"aioseo_notices":[],"_links":{"self":[{"href":"https:\/\/www.lada-center.education\/en\/wp-json\/wp\/v2\/pages\/992","targetHints":{"allow":["GET"]}}],"collection":[{"href":"https:\/\/www.lada-center.education\/en\/wp-json\/wp\/v2\/pages"}],"about":[{"href":"https:\/\/www.lada-center.education\/en\/wp-json\/wp\/v2\/types\/page"}],"author":[{"embeddable":true,"href":"https:\/\/www.lada-center.education\/en\/wp-json\/wp\/v2\/users\/5"}],"replies":[{"embeddable":true,"href":"https:\/\/www.lada-center.education\/en\/wp-json\/wp\/v2\/comments?post=992"}],"version-history":[{"count":0,"href":"https:\/\/www.lada-center.education\/en\/wp-json\/wp\/v2\/pages\/992\/revisions"}],"up":[{"embeddable":true,"href":"https:\/\/www.lada-center.education\/en\/wp-json\/wp\/v2\/pages\/201"}],"wp:attachment":[{"href":"https:\/\/www.lada-center.education\/en\/wp-json\/wp\/v2\/media?parent=992"}],"curies":[{"name":"wp","href":"https:\/\/api.w.org\/{rel}","templated":true}]}}