{"id":120,"date":"2025-07-24T18:43:27","date_gmt":"2025-07-24T16:43:27","guid":{"rendered":"https:\/\/ladacenter.dreamhosters.com\/?page_id=120"},"modified":"2026-03-28T22:45:04","modified_gmt":"2026-03-28T20:45:04","slug":"kdo-smo","status":"publish","type":"page","link":"https:\/\/www.lada-center.education\/sl\/domov\/kdo-smo\/","title":{"rendered":"Kdo smo"},"content":{"rendered":"\n\n\n\n<h1>Lada Center<\/h1>\n\n\n<h3>podpora samousmerjenega izobra\u017eevanja z izvorom v pravicah<\/h3>\n\n<p style=\"text-align: justify;\">Lada Center je prva zasebna demokrati\u010dna \u0161ola samousmerjenga izobra\u017evanja, pri \u010demer izvaja tudi dejavnost primarnega izobra\u017eevanja. \u0160ola zagotavlja popolno avtonomijo pred zunanjimi pritiski, saj gre za zasebno financirano \u0161olo. Trenutni razvoj na\u0161e \u0161ole se aktivno odziva na povpra\u0161evanje, zato smo na\u0161o organizacijsko strukturo prilagodili sodobnim potrebam dru\u017ein. Spodbujamo aktivnosti na daljavo (online), ki omogo\u010dajo dostop do virov in literature kjerkoli, hkrati pa zagotavljamo klju\u010dno hibridno delovanje, ki vklju\u010duje redna sre\u010danja v \u017eivo. Gre za prvi tovrsten primer, ki v Sloveniji podpira <a href=\"https:\/\/en.wikipedia.org\/wiki\/Democratic_education\">demokrati\u010dna na\u010dela v izobra\u017eevanju<\/a> ter hkrati spo\u0161tuje pravico star\u0161ev, da svojim otrokom zagotovijo izobra\u017eevanje v skladu z njihovimi verskimi, svetovnonazorskimi in pedago\u0161kimi prepri\u010danji.<\/p>\n<p style=\"text-align: justify;\">Zavod je bil ustanovljen leta 2024 kot gospodarska pobuda in na odziv potreb star\u0161ev in otrok, ki \u017eelijo druga\u010dno vrsto izobra\u017eevanja, kot pa ga trenutno ponuja javna mre\u017ea \u0161ol. Gospodarska pobuda se je pri\u010dela uresni\u010devati najprej s podpisom memoranduma <a href=\"https:\/\/www.rights-centric.education\/founding-members\">(RCEN) 24. julija 2024<\/a>, kjer je ta \u0161ola postala zavezanka k mednarodnemu poro\u010danju o spremembah na podro\u010dju spo\u0161tovanja otrokovih pravic v izobra\u017eevanju. Nadaljevali smo z akreditacijo s strani <a href=\"https:\/\/youthrightseducation.com\/about-this-business\/\">YRA 29. julija 2024<\/a>, ki potrjuje spo\u0161tovanje otrokovih pravic v procesu izobra\u017eevanja in vsem, kar je povezano z izobra\u017eevanjem.<\/p>\n\n\n\n\n<p>Lorem Ipsum has been the industry&#8217;s standard dummy text ever since the 1500s.<\/p>\n\n\n<p>Lorem Ipsum has been the industry&#8217;s standard dummy text ever since the 1500s.<\/p>\n\n\n<p>Lorem Ipsum has been the industry&#8217;s standard dummy text ever since the 1500s.<\/p>\n\n\n\n\n<p style=\"text-align: justify;\"><font size=\"5\">\u017delimo vzpostaviti okolje, ki otroku ne narekuje poti, temve\u010d mu ponuja orodja (infrastrukturo), da svojo pot zgradi sam. To bo prostor, kjer se hibridno delovanje sre\u010da z materialno realnostjo in kjer se svoboda udejanjanja ne kon\u010da pri besedah, temve\u010d se nadaljuje v ustvarjanju. V prihodnosti si zato vsekakor \u017eelimo ustvariti fizi\u010dno sti\u010di\u0161\u010de v prostoru in kraju, kjer bi imeli otroci na voljo vso potrebno infrastrukturo za celostno raziskovanje sveta.&nbsp;<\/font><\/p>\n\n\n\n\n<h2>Svet zavoda<\/h2>\n<p style=\"font-size: x-large; text-align: justify;\">V zavodu Lada Center delujemo na&nbsp;<span style=\"text-wrap-mode: initial; background-color: rgba(255, 255, 255, 0); letter-spacing: -0.1px;\">temelju vizije okolja, kjer so pravice otrok in samo-usmerjeno izobra\u017eevanje postavljeni v ospredje. Otrokom dejansko omogo\u010damo, da izrazijo svoje \u017eelje, potrebe in interese, ter jih pri tem ne le sli\u0161imo, ampak tudi upo\u0161tevamo pri oblikovanju njihove u\u010dne poti. Vsak otrok ima mo\u017enost razvijati se v svojem ritmu, v skladu s svojimi sposobnostmi in vrednotami.<\/span><\/p>\n\n\n\n\n\n\n\n\n\n\n\n\n<h2>Spremljevalci otrokovega izobra\u017eevanja<\/h2>\n<p style=\"text-align: justify;\"><font size=\"5\">Spremljevalci otrokovega samousmerjenega izobra\u017eevanja spremljajo otroka skozi njegovo izobra\u017eevanje kot opolnomo\u010deni pri\u010devalci njegovega naravnega razvoja. Ne nastopajo v vlogi tradicionalnih pou\u010devalcev, temve\u010d kot mentorji, ki otroku nudijo varno zavetje, vire in literaturo takrat, ko se v njem zbudi pristen interes.<\/font><\/p><p style=\"text-align: justify;\"><font size=\"5\"><br><\/font><\/p><p style=\"text-align: justify;\"><font size=\"5\">Celotno ekipo sestavljajo zavzeti in so\u010dutni odrasli, ki otroke postavljajo v sredi\u0161\u010de vsega delovanja. S pristnim odnosom, zgledom in spodbudo ustvarjajo varno skupnost, v kateri mladi dobijo prostor in podporo, da prevzamejo odgovornost za lastno u\u010denje in \u017eivljenje. Na\u0161a vloga je subtilna, a klju\u010dna: smo varuhi integritete prostora, ki zagotavljajo, da proces odkrivanja sveta te\u010de brez prisile.<\/font><\/p><p style=\"text-align: justify;\"><font size=\"5\"><br><\/font><\/p><p style=\"text-align: justify;\"><font size=\"5\">Verjamemo, da le spo\u0161tljivo in \u010dloveku dostojno izobra\u017eevanje omogo\u010da rast posameznika in razvoj celotne skupnosti. Ko odrasli stopi korak nazaj in otroku zaupa, se rodi prostor, v katerem se odgovornost ne u\u010di, temve\u010d \u017eivi.<\/font><\/p>\n\n\n\n\n\n\n\n","protected":false},"excerpt":{"rendered":"","protected":false},"author":5,"featured_media":0,"parent":27,"menu_order":1,"comment_status":"closed","ping_status":"closed","template":"","meta":{"pagelayer_contact_templates":[],"_pagelayer_content":"","_monsterinsights_skip_tracking":false,"_monsterinsights_sitenote_active":false,"_monsterinsights_sitenote_note":"","_monsterinsights_sitenote_category":0,"footnotes":""},"class_list":["post-120","page","type-page","status-publish","hentry"],"aioseo_notices":[],"_links":{"self":[{"href":"https:\/\/www.lada-center.education\/sl\/wp-json\/wp\/v2\/pages\/120","targetHints":{"allow":["GET"]}}],"collection":[{"href":"https:\/\/www.lada-center.education\/sl\/wp-json\/wp\/v2\/pages"}],"about":[{"href":"https:\/\/www.lada-center.education\/sl\/wp-json\/wp\/v2\/types\/page"}],"author":[{"embeddable":true,"href":"https:\/\/www.lada-center.education\/sl\/wp-json\/wp\/v2\/users\/5"}],"replies":[{"embeddable":true,"href":"https:\/\/www.lada-center.education\/sl\/wp-json\/wp\/v2\/comments?post=120"}],"version-history":[{"count":10,"href":"https:\/\/www.lada-center.education\/sl\/wp-json\/wp\/v2\/pages\/120\/revisions"}],"predecessor-version":[{"id":1105,"href":"https:\/\/www.lada-center.education\/sl\/wp-json\/wp\/v2\/pages\/120\/revisions\/1105"}],"up":[{"embeddable":true,"href":"https:\/\/www.lada-center.education\/sl\/wp-json\/wp\/v2\/pages\/27"}],"wp:attachment":[{"href":"https:\/\/www.lada-center.education\/sl\/wp-json\/wp\/v2\/media?parent=120"}],"curies":[{"name":"wp","href":"https:\/\/api.w.org\/{rel}","templated":true}]}}