{"id":388,"date":"2025-07-30T21:18:30","date_gmt":"2025-07-30T19:18:30","guid":{"rendered":"https:\/\/ladacenter.dreamhosters.com\/?page_id=388"},"modified":"2025-08-18T14:38:02","modified_gmt":"2025-08-18T12:38:02","slug":"pogum-za-vpis","status":"publish","type":"page","link":"https:\/\/www.lada-center.education\/sl\/domov\/vpis\/pogum-za-vpis\/","title":{"rendered":"Odpiramo pogum &#8211; Bravo za tvoj premik!"},"content":{"rendered":"\n\n\n\n\n<p>Otroci nosijo v sebi polje vseh mo\u017enosti \u2013 tudi v izobra\u017eevanju. Kot star\u0161i ohranimo to polje odprto, saj nih\u010de na tem svetu ne bo ljubil na\u0161ih otrok globlje in bolj iskreno kot mi sami.<\/p>\n<div style=\"width:100%;height:500px;\" data-fillout-id=\"p2CbB42Yygus\" data-fillout-embed-type=\"standard\" data-fillout-inherit-parameters data-fillout-dynamic-resize><\/div>\n<p><script src=\"https:\/\/server.fillout.com\/embed\/v1\/\"><\/script><\/p>\n\n<p><\/p>\n\n\n\n","protected":false},"excerpt":{"rendered":"","protected":false},"author":5,"featured_media":0,"parent":25,"menu_order":0,"comment_status":"closed","ping_status":"closed","template":"","meta":{"pagelayer_contact_templates":[],"_pagelayer_content":"","_monsterinsights_skip_tracking":false,"_monsterinsights_sitenote_active":false,"_monsterinsights_sitenote_note":"","_monsterinsights_sitenote_category":0,"footnotes":""},"class_list":["post-388","page","type-page","status-publish","hentry"],"aioseo_notices":[],"_links":{"self":[{"href":"https:\/\/www.lada-center.education\/sl\/wp-json\/wp\/v2\/pages\/388","targetHints":{"allow":["GET"]}}],"collection":[{"href":"https:\/\/www.lada-center.education\/sl\/wp-json\/wp\/v2\/pages"}],"about":[{"href":"https:\/\/www.lada-center.education\/sl\/wp-json\/wp\/v2\/types\/page"}],"author":[{"embeddable":true,"href":"https:\/\/www.lada-center.education\/sl\/wp-json\/wp\/v2\/users\/5"}],"replies":[{"embeddable":true,"href":"https:\/\/www.lada-center.education\/sl\/wp-json\/wp\/v2\/comments?post=388"}],"version-history":[{"count":4,"href":"https:\/\/www.lada-center.education\/sl\/wp-json\/wp\/v2\/pages\/388\/revisions"}],"predecessor-version":[{"id":766,"href":"https:\/\/www.lada-center.education\/sl\/wp-json\/wp\/v2\/pages\/388\/revisions\/766"}],"up":[{"embeddable":true,"href":"https:\/\/www.lada-center.education\/sl\/wp-json\/wp\/v2\/pages\/25"}],"wp:attachment":[{"href":"https:\/\/www.lada-center.education\/sl\/wp-json\/wp\/v2\/media?parent=388"}],"curies":[{"name":"wp","href":"https:\/\/api.w.org\/{rel}","templated":true}]}}