{"id":573,"date":"2025-08-07T14:47:00","date_gmt":"2025-08-07T12:47:00","guid":{"rendered":"https:\/\/www.lada-center.education\/?page_id=573"},"modified":"2026-03-30T23:56:56","modified_gmt":"2026-03-30T21:56:56","slug":"cenik","status":"publish","type":"page","link":"https:\/\/www.lada-center.education\/sl\/domov\/vpis\/cenik\/","title":{"rendered":"Cenik"},"content":{"rendered":"<h2>Vpis v zasebno \u0161olo Lada Center<\/h2>\n\n\n\n<p><\/p><ul><li>Vpisnina v Lada Center&nbsp;<\/li><li>Dru\u017einska \u010dlanarina v dru\u0161tvu WirkWerk&nbsp;<\/li><li>Sodelovanje pri soodlo\u010danju o izletih<\/li><li>Izbiranje tematik izobra\u017eevalnega programa<\/li><li>Sodelovanje pri organiziranih in odprtih dru\u017einskih \u010dvekalnicah<\/li><li>Dostopanje do orodja za organizacijo v zavodu Lada Center<\/li><li>Obstaja mo\u017enost medsebojnega povezovanja z dru\u017einami<\/li><li>Dostop do aplikacije<\/li><li>Dodajanje udele\u017eencev<\/li><li>Analiza samorefleksije<\/li><li>Pojasnjevalni videi za uporabo aplikacije<\/li><li>2 ve\u010dera za izmenjavo v \u017eivo \u2013 v angle\u0161\u010dini<\/li><li>Dokumentacija (dnevna\/tedenska\/\u00bbstand-up\u00ab)<\/li><li>Discord skupina za udele\u017eence<\/li><li>Na\u010drtovanje ciljev glede stopnje zrelosti<\/li><li>Refleksija glede na slovenski u\u010dni na\u010drt<\/li><li>Refleksija v projektih<\/li><li>Refleksija na podlagi izku\u0161enj<\/li><li>Na\u010drtovanje ukrepov<\/li><li>Refleksija za spremljevalce<\/li><\/ul><p><\/p><ul><li>Zaklju\u010dna slovesnost<\/li><\/ul>\n\n\n\n\n<h2>En (1) udele\u017eenec izobra\u017eevanja<\/h2>\n\n\n\n\n\n<h2>Dva (2) udele\u017eenca izobra\u017eevanja<\/h2>\n\n\n\n\n\n<h2>Tri do devet (3-9)udele\u017eencev izobra\u017eevanja<\/h2>\n\n\n\n\n\n\n\n\n<h2>Predmetnik<\/h2>\n<p>Opomba: V osnovno \u0161olnino so vklju\u010deni vsi predmeti, razen angle\u0161\u010dine<\/p>\n\n\n\n\n<span style=\"letter-spacing: -0.1px;\">Izvajalka vsebine: <br><b>Ida \u0160timec<\/b><\/span>\n\n\n\n\n<p>Izobra\u017eevalna vsebina Besedolov je namenjena raziskovanju jezika skozi igro, domi\u0161ljijo in ustvarjalnost, kjer se besede ne u\u010dijo, temve\u010d odkrivajo skozi zgodbe, rime, uganke in pogovor.&nbsp;<span style=\"letter-spacing: -0.1px; text-wrap-mode: initial;\">Skozi skupno raziskovanje se spoznava lepote jezika ter spodbuja izra\u017eanje, razmi\u0161ljanje in veselje do besed.<\/span><\/p>\n\n\n\n\n\n\nIzvajalka vsebine: <br><b>Mojca Jeram<\/b>\n\n\n\n\n<p>Pri izobra\u017eevalni vsebini Kreativnost na kvadrat se skozi razli\u010dne umetni\u0161ke pristope spodbuja razmi\u0161ljanje izven okvirjev \u2013 od risanja do digitalnih orodij, kot so Photoshop in vektorski programi. Predmet ni klasi\u010dna likovna umetnost, temve\u010d odprt prostor za raziskovanje idej in ustvarjalnih mo\u017enosti.<\/p><p><span style=\"text-wrap-mode: initial; letter-spacing: -0.1px;\">Kreativnost je razumljena kot klju\u010dna \u017eivljenjska ve\u0161\u010dina, ki je vedno na voljo \u2013 \u010de jo le prepoznamo in uporabimo.<\/span><\/p>\n\n\n\n\n\n\n<span style=\"letter-spacing: -0.1px;\">Izvajalka vsebine: <br><b>Eva Jurgec<\/b><\/span>\n\n\n\n\n<p>Izobra\u017eevalna vsebina Kulturografija je zasnovan kot cikel povezovalno-izobra\u017eevalnih koncertov, kjer razlage izhajajo iz \u017eive glasbene izvedbe. Obravnava klju\u010dna obdobja in vplive: antiko z gr\u0161kim pojmovanjem glasbe, srednji vek s prenosom anti\u010dne dedi\u0161\u010dine in razvojem novih oblik izra\u017eanja, evropsko ljudsko glasbo z njeno raznolikostjo ter evropsko cerkveno glasbo, ki je mo\u010dno zaznamovala razvoj glasbene kulture.<\/p>\n\n\n\n\n\n\n<span style=\"letter-spacing: -0.1px;\">Izvajalka vsebine: <br><b>Alenka Nemani\u010d<\/b><\/span>\n\n\n\n\n<p>Izobra\u017eevalna vsebina Mostovi med ljudmi je namenjen poznavanju \u010dlovekovih&nbsp; oz. otrokovih neodtujljivih pravic, kjer skozi primere in realne te\u017eave razmi\u0161ljamo, kako sobivati v duhu na\u010dela Deklaracije o \u010dlovekovih pravicah \u2013 v duhu bratstva.&nbsp;<\/p>\n\n\n\n\n\n\nIzvajalec vsebine: <br><b>Timon Jereti\u010d<\/b>\n\n\n\n\n<p>Izobra\u017eevalna vsebina Od atoma do \u017eivljenja je namenjena razumevanju zakonitosti narave, kjer se skozi opazovanje, povezovanje in razlago pojavov od atoma do \u017eivljenja gradi celostno razumevanje sveta in \u010dlovekove vloge v njem.<\/p>\n\n\n\n\n\n\n<span style=\"letter-spacing: -0.1px;\">Izvajalka vsebine: <br><b>Klavdija Ho\u010devar Kastelic<\/b><\/span>\n\n\n\n\n<p>Thinkonomist zdru\u017euje ekonomsko jezikoslovje s svobodnim izobra\u017eevanjem, kjer otrok brez prisile in avtoritarnega pritiska naravno osvaja mehanizme sodobnega sveta. Verjamemo, da so otroci sposobni razumeti kompleksne korporacijske in ekonomske strukture skozi lastno radovednost, \u010de jim le zagotovimo okolje, ki spo\u0161tuje njihovo integriteto.Vodilo je opolnomo\u010denje posameznika skozi \u017eiveto znanje, saj tisto, v kar investiramo vsak trenutek, dolo\u010da mero na\u0161e prihodnje suverenosti.<\/p>\n\n\n\n\n\n\n<span style=\"letter-spacing: -0.1px;\">Izvajalka vsebine:&nbsp; <br><b>Mateja de Laat<\/b><\/span>\n\n\n\n\n<p>Izobra\u017eevalna vsebina Zgodovinski \u010dasostroj je namenjena razumevanju razvoja \u010dlove\u0161tva skozi \u010das, kjer se skozi klju\u010dne dogodke, osebnosti in prelomnice raziskuje, kako je preteklost oblikovala dana\u0161nji svet ter kako lahko iz nje \u010drpamo znanje za odgovorno sobivanje.<\/p>\n\n\n\n\n\n\n\n\n<p>Izvajalka vsebine: <br><strong>Ana Lara Schwarzbartl<\/strong><\/p>\n\n\n\n<p>Leto\u0161nje leto poteka izobra\u017eevanje angle\u0161\u010dine 4\u00d7 mese\u010dno: 2\u00d7 individualno z otrokom in 2\u00d7 skupinsko. Izobra\u017eevanje temelji na avtorsko razviti pedago\u0161ki <a href=\"https:\/\/www.schwarzbartlkinderlab.com\/schwarzbartl_method.pdf\"><strong><\/strong><strong>Schwarzbartl metodi<\/strong><\/a>,&nbsp;ki otroku omogo\u010da hitro usvajanje jezika<br><span style=\"text-wrap-mode: initial; letter-spacing: -0.1px;\">(<a href=\"https:\/\/www.schwarzbartlkinderlab.com\/sl\"><strong>ve\u010d na spletni strani<\/strong><\/a>), (kontakt do izvajalke 051 473 929).<\/span><\/p>\n\n\n<p><span style=\"text-wrap-mode: initial; letter-spacing: -0.1px;\"><\/span><\/p><p><u><strong>Ta predmet ni vklju\u010den v ceno \u0161olnine.<\/strong><\/u><\/p><p>Preizkusni mesec (september): <u>70 \u20ac na otroka<\/u>, vklju\u010duje:<\/p><ul><li><span style=\"text-wrap-mode: initial; letter-spacing: -0.1px;\">4-urna mese\u010dna delavnica (prilagodljivo z dejavnostmi centra)<\/span><\/li><li>1 delavnica v \u017eivo<\/li><li><span style=\"text-wrap-mode: initial; letter-spacing: -0.1px;\">knji\u017eico s cca 300 simboli<\/span><\/li><\/ul>\n<p><span style=\"text-wrap-mode: initial; letter-spacing: -0.1px;\"><\/span><br><span style=\"letter-spacing: -0.1px; text-wrap-mode: initial;\">Nadaljevanje programa (oktober\u2013junij): <u>135 \u20ac mese\u010dno na otroka<\/u>, <span style=\"font-family: &quot;Arial Black&quot;;\"><strong>vklju\u010duje vse ugodnosti<\/strong><\/span> iz preizkusnega meseca ter dodatno:<\/span><br><ul><li><span style=\"text-wrap-mode: initial; letter-spacing: -0.1px;\">dostop do knji\u017eice s 4000 simboli v online obliki za u\u010denje izven delavnic<\/span><\/li><li>doma izdelan zvezek umetnice, ki \u017ee leta sodeluje z KinderLabom<\/li><li>redni termini sre\u010danj z mo\u017enostjo nadome\u0161\u010danja 1x mese\u010dno in 100% mo\u017enost nadome\u0161\u010danja, \u010de odsotnost povzro\u010di izvajalec<\/li><\/ul><\/p>\n\n\n\n\n\n\n\n<h2>V\u010dlanitev otroka<\/h2>\n\n\n<p><\/p><ul><li>Sodelovanje pri soodlo\u010danju o izletih<\/li><li>Sodelovanje pri izobra\u017eevalnem programu<\/li><li>Sodelovanje pri organiziranih in odprtih dru\u017einskih \u010dvekalnicah<\/li><li>Dostopanje do orodja za organizacijo v zavodu Lada Center<\/li><li>Obstaja mo\u017enost medsebojnega povezovanja z dru\u017einami<\/li><\/ul><p><\/p>\n\n\n\n\n<h2>\u010clanstvo otroka<\/h2>\n\n\n\n\n\n\n\n<h2>Partnerstvo organizacij<\/h2>\n\n\n<p><\/p><ul><li>Logotip va\u0161e organizacije na glavni strani spletne strani Lada Center<\/li><li>Klik na va\u0161 logotip vodi na va\u0161o spletno stran za ve\u010djo prepoznavnost<\/li><li>Promocija preko podcastov in \u010dlankov o va\u0161i organizaciji<\/li><li>Mo\u017enost sodelovanja na projektih (mednarodne izmenjave, povezovanje s podobnimi organizacijami po Evropi in svetu)<\/li><li>Druge oblike sodelovanja in povezovanja z mre\u017eo organizacij, ki podpirajo otrokove pravice in samo-usmerjeno izobra\u017eevanje<\/li><\/ul><p><\/p>\n\n\n\n\n<h2>\u010clanstvo organizacije<\/h2>\n\n\n\n\n\n\n","protected":false},"excerpt":{"rendered":"","protected":false},"author":5,"featured_media":0,"parent":25,"menu_order":2,"comment_status":"closed","ping_status":"closed","template":"","meta":{"pagelayer_contact_templates":[],"_pagelayer_content":"","_monsterinsights_skip_tracking":false,"_monsterinsights_sitenote_active":false,"_monsterinsights_sitenote_note":"","_monsterinsights_sitenote_category":0,"footnotes":""},"class_list":["post-573","page","type-page","status-publish","hentry"],"aioseo_notices":[],"_links":{"self":[{"href":"https:\/\/www.lada-center.education\/sl\/wp-json\/wp\/v2\/pages\/573","targetHints":{"allow":["GET"]}}],"collection":[{"href":"https:\/\/www.lada-center.education\/sl\/wp-json\/wp\/v2\/pages"}],"about":[{"href":"https:\/\/www.lada-center.education\/sl\/wp-json\/wp\/v2\/types\/page"}],"author":[{"embeddable":true,"href":"https:\/\/www.lada-center.education\/sl\/wp-json\/wp\/v2\/users\/5"}],"replies":[{"embeddable":true,"href":"https:\/\/www.lada-center.education\/sl\/wp-json\/wp\/v2\/comments?post=573"}],"version-history":[{"count":10,"href":"https:\/\/www.lada-center.education\/sl\/wp-json\/wp\/v2\/pages\/573\/revisions"}],"predecessor-version":[{"id":1146,"href":"https:\/\/www.lada-center.education\/sl\/wp-json\/wp\/v2\/pages\/573\/revisions\/1146"}],"up":[{"embeddable":true,"href":"https:\/\/www.lada-center.education\/sl\/wp-json\/wp\/v2\/pages\/25"}],"wp:attachment":[{"href":"https:\/\/www.lada-center.education\/sl\/wp-json\/wp\/v2\/media?parent=573"}],"curies":[{"name":"wp","href":"https:\/\/api.w.org\/{rel}","templated":true}]}}