{"id":890,"date":"2025-08-23T22:29:07","date_gmt":"2025-08-23T20:29:07","guid":{"rendered":"https:\/\/www.lada-center.education\/?page_id=890"},"modified":"2025-08-24T01:30:49","modified_gmt":"2025-08-23T23:30:49","slug":"lada-casopis-strokovni-clanki","status":"publish","type":"page","link":"https:\/\/www.lada-center.education\/sl\/blog\/lada-casopis-strokovni-clanki\/","title":{"rendered":"Lada \u010dasopis &#8211; Strokovni \u010dlanki"},"content":{"rendered":"\n\n<div class='pt-cv-wrapper'> <div class=\"pt-cv-view pt-cv-collapsible iscvblock iscvreal collapsible layout1\" id=\"pt-cv-view-jd4mtbi0\"><div data-id=\"pt-cv-page-1\" class=\"pt-cv-page\" data-cvc=\"3\"><div class=\"panel-group\" id=\"851b191dp1\"><div class=\"panel panel-default pt-cv-content-item pt-cv-1-col\" >\r\n<div class=\"panel-heading pt-cv-title\">\r\n    <a class=\"panel-title\" data-toggle=\"cvcollapse\" data-parent=\"#851b191dp1\" data-target=\"#e42d4bd4e6\" href='https:\/\/www.lada-center.education\/sl\/blog\/learning-through-play-and-experimenting\/' onclick='event.preventDefault()'>\r\n\t\tLearning through play and experimenting\t<\/a>\r\n\t<\/div>\r\n<div id=\"e42d4bd4e6\" class=\"panel-collapse collapse in\">\r\n\t<div class=\"panel-body\">\r\n\t\t<div class=\"pt-cv-thumb-wrapper  \"><a href=\"https:\/\/www.lada-center.education\/sl\/blog\/learning-through-play-and-experimenting\/\" class=\"_self pt-cv-href-thumbnail pt-cv-thumb-default\" target=\"_self\" ><\/a><\/div>\n<div class=\"pt-cv-taxoterm above_title\"><a href='https:\/\/www.lada-center.education\/sl\/blog\/category\/strokovno\/' title='Strokovni \u010dlanki' class='pt-cv-tax-strokovno'>Strokovni \u010dlanki<\/a><\/div>\n<div class=\"pt-cv-content\">From January to April 2025, I participated in The Learning Expedition, an online course offered by Evolving Education &#8230;<\/div>\n<div class=\"pt-cv-rmwrap\"><a href=\"https:\/\/www.lada-center.education\/sl\/blog\/learning-through-play-and-experimenting\/\" class=\"_self pt-cv-readmore btn btn-success\" target=\"_self\" >Preberi ve\u010d<\/a><\/div>\n<div class=\"pt-cv-meta-fields\"><span class=\"entry-date\"> <time datetime=\"2025-06-16T12:02:55+02:00\">16.06.2025<\/time><\/span><span> \/ <\/span><span class=\"author\"> <a href=\"https:\/\/www.lada-center.education\/sl\/blog\/author\/idasti\/\" rel=\"author\">Ida \u0160timec<\/a><\/span><\/div>\t<\/div>\r\n<\/div><\/div>\n<div class=\"panel panel-default pt-cv-content-item pt-cv-1-col\" >\r\n<div class=\"panel-heading pt-cv-title\">\r\n    <a class=\"panel-title\" data-toggle=\"cvcollapse\" data-parent=\"#851b191dp1\" data-target=\"#286c31dagc\" href='https:\/\/www.lada-center.education\/sl\/blog\/ucenje-skozi-igro-in-eksperimentiranje\/' onclick='event.preventDefault()'>\r\n\t\tU\u010denje skozi igro in eksperimentiranje\t<\/a>\r\n\t<\/div>\r\n<div id=\"286c31dagc\" class=\"panel-collapse collapse \">\r\n\t<div class=\"panel-body\">\r\n\t\t<div class=\"pt-cv-thumb-wrapper  \"><a href=\"https:\/\/www.lada-center.education\/sl\/blog\/ucenje-skozi-igro-in-eksperimentiranje\/\" class=\"_self pt-cv-href-thumbnail pt-cv-thumb-default\" target=\"_self\" ><\/a><\/div>\n<div class=\"pt-cv-taxoterm above_title\"><a href='https:\/\/www.lada-center.education\/sl\/blog\/category\/strokovno\/' title='Strokovni \u010dlanki' class='pt-cv-tax-strokovno'>Strokovni \u010dlanki<\/a><\/div>\n<div class=\"pt-cv-content\">Od januarja do aprila 2025 sem se udele\u017eila spletnega izobra\u017eevanja The Learning Expedition, ki ga ponuja Evolving Education &#8230;<\/div>\n<div class=\"pt-cv-rmwrap\"><a href=\"https:\/\/www.lada-center.education\/sl\/blog\/ucenje-skozi-igro-in-eksperimentiranje\/\" class=\"_self pt-cv-readmore btn btn-success\" target=\"_self\" >Preberi ve\u010d<\/a><\/div>\n<div class=\"pt-cv-meta-fields\"><span class=\"entry-date\"> <time datetime=\"2025-06-16T11:44:00+02:00\">16.06.2025<\/time><\/span><span> \/ <\/span><span class=\"author\"> <a href=\"https:\/\/www.lada-center.education\/sl\/blog\/author\/idasti\/\" rel=\"author\">Ida \u0160timec<\/a><\/span><\/div>\t<\/div>\r\n<\/div><\/div>\n<div class=\"panel panel-default pt-cv-content-item pt-cv-1-col\" >\r\n<div class=\"panel-heading pt-cv-title\">\r\n    <a class=\"panel-title\" data-toggle=\"cvcollapse\" data-parent=\"#851b191dp1\" data-target=\"#08861190u9\" href='https:\/\/www.lada-center.education\/sl\/blog\/spoznajte-jen-in-domace-izobrazevanje-skozi-vsakdanje-zivljenje\/' onclick='event.preventDefault()'>\r\n\t\tSpoznajte Jen in doma\u010de izobra\u017eevanje skozi vsakdanje \u017eivljenje\t<\/a>\r\n\t<\/div>\r\n<div id=\"08861190u9\" class=\"panel-collapse collapse \">\r\n\t<div class=\"panel-body\">\r\n\t\t<div class=\"pt-cv-thumb-wrapper  \"><a href=\"https:\/\/www.lada-center.education\/sl\/blog\/spoznajte-jen-in-domace-izobrazevanje-skozi-vsakdanje-zivljenje\/\" class=\"_self pt-cv-href-thumbnail pt-cv-thumb-default\" target=\"_self\" ><\/a><\/div>\n<div class=\"pt-cv-taxoterm above_title\"><a href='https:\/\/www.lada-center.education\/sl\/blog\/category\/strokovno\/' title='Strokovni \u010dlanki' class='pt-cv-tax-strokovno'>Strokovni \u010dlanki<\/a><\/div>\n<div class=\"pt-cv-content\">Doma\u010de izobra\u017eevanje sledi vsakdanjemu \u017eivljenju \u0161estih dru\u017ein v Aotearoi, ki svoje otroke izobra\u017eujejo doma.Spoznajte Jen in otroke dalij, ki se u\u010dijo skozi cvetli\u010dni posel.Prva epizoda predstavlja Jen in njene otroke, ki vodijo kmetijo, kjer si lahko sami naberejo dalije. Pred tremi leti je Jen svojim trem otrokom dala 100 $ &#8230;<\/div>\n<div class=\"pt-cv-rmwrap\"><a href=\"https:\/\/www.lada-center.education\/sl\/blog\/spoznajte-jen-in-domace-izobrazevanje-skozi-vsakdanje-zivljenje\/\" class=\"_self pt-cv-readmore btn btn-success\" target=\"_self\" >Preberi ve\u010d<\/a><\/div>\n<div class=\"pt-cv-meta-fields\"><span class=\"entry-date\"> <time datetime=\"2024-11-12T15:59:42+02:00\">12.11.2024<\/time><\/span><span> \/ <\/span><span class=\"author\"> <a href=\"https:\/\/www.lada-center.education\/sl\/blog\/author\/klavdijasde\/\" rel=\"author\">Klavdija Ho\u010devar Kastelic<\/a><\/span><\/div>\t<\/div>\r\n<\/div><\/div>\n<div class=\"panel panel-default pt-cv-content-item pt-cv-1-col\" >\r\n<div class=\"panel-heading pt-cv-title\">\r\n    <a class=\"panel-title\" data-toggle=\"cvcollapse\" data-parent=\"#851b191dp1\" data-target=\"#94c2b61gv3\" href='https:\/\/www.lada-center.education\/sl\/blog\/napacno-izobrazevanje-je-lahko-orozje-ki-unicuje-svet\/' onclick='event.preventDefault()'>\r\n\t\tNapa\u010dno izobra\u017eevanje je lahko oro\u017eje, ki uni\u010duje svet\t<\/a>\r\n\t<\/div>\r\n<div id=\"94c2b61gv3\" class=\"panel-collapse collapse \">\r\n\t<div class=\"panel-body\">\r\n\t\t<div class=\"pt-cv-thumb-wrapper  \"><a href=\"https:\/\/www.lada-center.education\/sl\/blog\/napacno-izobrazevanje-je-lahko-orozje-ki-unicuje-svet\/\" class=\"_self pt-cv-href-thumbnail pt-cv-thumb-default\" target=\"_self\" ><\/a><\/div>\n<div class=\"pt-cv-taxoterm above_title\"><a href='https:\/\/www.lada-center.education\/sl\/blog\/category\/strokovno\/' title='Strokovni \u010dlanki' class='pt-cv-tax-strokovno'>Strokovni \u010dlanki<\/a><\/div>\n<div class=\"pt-cv-content\">Predstavitev Sifaana Zavahir o izobra\u017eevanju, osredoto\u010denem na pravice, na Akademiji za vodstvo in javno politiko Bandaranaike (BALPP), kjer je to njegov zaklju\u010dni projekt za podiplomski \u0161tudij analize izobra\u017eevalne politike. Dogodek odpre s pomembnim sporo\u010dilom Mandele, da je zobra\u017eevanje najmo\u010dnej\u0161e oro\u017eje, ki ga lahko uporabimo za spremembo sveta.&#8221;Za mnoge ljudi je &#8230;<\/div>\n<div class=\"pt-cv-rmwrap\"><a href=\"https:\/\/www.lada-center.education\/sl\/blog\/napacno-izobrazevanje-je-lahko-orozje-ki-unicuje-svet\/\" class=\"_self pt-cv-readmore btn btn-success\" target=\"_self\" >Preberi ve\u010d<\/a><\/div>\n<div class=\"pt-cv-meta-fields\"><span class=\"entry-date\"> <time datetime=\"2024-10-21T15:49:02+02:00\">21.10.2024<\/time><\/span><span> \/ <\/span><span class=\"author\"> <a href=\"https:\/\/www.lada-center.education\/sl\/blog\/author\/klavdijasde\/\" rel=\"author\">Klavdija Ho\u010devar Kastelic<\/a><\/span><\/div>\t<\/div>\r\n<\/div><\/div>\n<div class=\"panel panel-default pt-cv-content-item pt-cv-1-col\" >\r\n<div class=\"panel-heading pt-cv-title\">\r\n    <a class=\"panel-title\" data-toggle=\"cvcollapse\" data-parent=\"#851b191dp1\" data-target=\"#35e32bblji\" href='https:\/\/www.lada-center.education\/sl\/blog\/doktorica-maddalena-taras-kot-glas-pomembnosti-konsenza-ucenca\/' onclick='event.preventDefault()'>\r\n\t\tDoktorica Maddalena Taras kot glas pomembnosti konsenza u\u010denca\t<\/a>\r\n\t<\/div>\r\n<div id=\"35e32bblji\" class=\"panel-collapse collapse \">\r\n\t<div class=\"panel-body\">\r\n\t\t<div class=\"pt-cv-thumb-wrapper  \"><a href=\"https:\/\/www.lada-center.education\/sl\/blog\/doktorica-maddalena-taras-kot-glas-pomembnosti-konsenza-ucenca\/\" class=\"_self pt-cv-href-thumbnail pt-cv-thumb-default\" target=\"_self\" ><\/a><\/div>\n<div class=\"pt-cv-taxoterm above_title\"><a href='https:\/\/www.lada-center.education\/sl\/blog\/category\/strokovno\/' title='Strokovni \u010dlanki' class='pt-cv-tax-strokovno'>Strokovni \u010dlanki<\/a><\/div>\n<div class=\"pt-cv-content\">Maddalena Taras, kot pedagog vstopa s sporo\u010dilom kako se ji zdi pomembno deliti ve\u010d kot 30 let izku\u0161enj z ocenjevanjem. Dolgo je bila odsotna, ker so bili odsotni tudi njeni \u0161tudenti.To je razlog, zakaj se je umaknila s \u0161tudenti, da bi pri\u0161la do novih idej, ki bi bolje utemeljile, o &#8230;<\/div>\n<div class=\"pt-cv-rmwrap\"><a href=\"https:\/\/www.lada-center.education\/sl\/blog\/doktorica-maddalena-taras-kot-glas-pomembnosti-konsenza-ucenca\/\" class=\"_self pt-cv-readmore btn btn-success\" target=\"_self\" >Preberi ve\u010d<\/a><\/div>\n<div class=\"pt-cv-meta-fields\"><span class=\"entry-date\"> <time datetime=\"2024-10-07T15:45:46+02:00\">07.10.2024<\/time><\/span><span> \/ <\/span><span class=\"author\"> <a href=\"https:\/\/www.lada-center.education\/sl\/blog\/author\/klavdijasde\/\" rel=\"author\">Klavdija Ho\u010devar Kastelic<\/a><\/span><\/div>\t<\/div>\r\n<\/div><\/div>\n<div class=\"panel panel-default pt-cv-content-item pt-cv-1-col\" >\r\n<div class=\"panel-heading pt-cv-title\">\r\n    <a class=\"panel-title\" data-toggle=\"cvcollapse\" data-parent=\"#851b191dp1\" data-target=\"#85fc327ya2\" href='https:\/\/www.lada-center.education\/sl\/blog\/doktor-charlie-moreno-romero-kot-glas-iz-estonije-tudi-za-izobrazevanje-temeljeco-na-pravicah-otroka\/' onclick='event.preventDefault()'>\r\n\t\tDoktor Charlie Moreno-Romero kot glas iz Estonije tudi za izobra\u017eevanje temelje\u010do na pravicah otroka\t<\/a>\r\n\t<\/div>\r\n<div id=\"85fc327ya2\" class=\"panel-collapse collapse \">\r\n\t<div class=\"panel-body\">\r\n\t\t<div class=\"pt-cv-thumb-wrapper  \"><a href=\"https:\/\/www.lada-center.education\/sl\/blog\/doktor-charlie-moreno-romero-kot-glas-iz-estonije-tudi-za-izobrazevanje-temeljeco-na-pravicah-otroka\/\" class=\"_self pt-cv-href-thumbnail pt-cv-thumb-default\" target=\"_self\" ><\/a><\/div>\n<div class=\"pt-cv-taxoterm above_title\"><a href='https:\/\/www.lada-center.education\/sl\/blog\/category\/strokovno\/' title='Strokovni \u010dlanki' class='pt-cv-tax-strokovno'>Strokovni \u010dlanki<\/a><\/div>\n<div class=\"pt-cv-content\">Charlie Moreno-Romero, PhD govori estonsko in rad bi delil svoje poglede na osnovno izobra\u017eevanje. Veliko so govorili o univerzi, trgu dela in podobnih temah, a ko so se sre\u010dali, se mu je v mislih pojavilo vpra\u0161anje. \u017delijo si posameznikov, ki lahko sami ocenijo svoje delo in kompetence, vendar ali otroke &#8230;<\/div>\n<div class=\"pt-cv-rmwrap\"><a href=\"https:\/\/www.lada-center.education\/sl\/blog\/doktor-charlie-moreno-romero-kot-glas-iz-estonije-tudi-za-izobrazevanje-temeljeco-na-pravicah-otroka\/\" class=\"_self pt-cv-readmore btn btn-success\" target=\"_self\" >Preberi ve\u010d<\/a><\/div>\n<div class=\"pt-cv-meta-fields\"><span class=\"entry-date\"> <time datetime=\"2024-10-07T14:51:13+02:00\">07.10.2024<\/time><\/span><span> \/ <\/span><span class=\"author\"> <a href=\"https:\/\/www.lada-center.education\/sl\/blog\/author\/klavdijasde\/\" rel=\"author\">Klavdija Ho\u010devar Kastelic<\/a><\/span><\/div>\t<\/div>\r\n<\/div><\/div><\/div><\/div><\/div>\n<div class=\" pt-cv-pagination-wrapper\"><ul class=\"pt-cv-pagination pt-cv-ajax pagination\" data-totalpages=\"2\" data-currentpage=\"1\" data-sid=\"jd4mtbi0\" data-unid=\"\" data-isblock=\"collapsible\" data-postid=\"0\"><li class=\"active\"><a href=\"#\">1<\/a><\/li>\n\t<li ><a class=\"\" href=\"https:\/\/www.lada-center.education\/sl\/wp-json\/wp\/v2\/pages\/890\/?_page=2\">2<\/a><\/li>\n\t<li ><a class=\" \" href=\"https:\/\/www.lada-center.education\/sl\/wp-json\/wp\/v2\/pages\/890\/?_page=2\">&rsaquo;<\/a><\/li>\n\t<\/ul><img loading=\"lazy\" decoding=\"async\" width=\"15\" height=\"15\" class=\"pt-cv-spinner\" alt=\"Loading...\" src=\"data:image\/gif;base64,R0lGODlhDwAPALMPAMrKygwMDJOTkz09PZWVla+vr3p6euTk5M7OzuXl5TMzMwAAAJmZmWZmZszMzP\/\/\/yH\/C05FVFNDQVBFMi4wAwEAAAAh+QQFCgAPACwAAAAADwAPAAAEQvDJaZaZOIcV8iQK8VRX4iTYoAwZ4iCYoAjZ4RxejhVNoT+mRGP4cyF4Pp0N98sBGIBMEMOotl6YZ3S61Bmbkm4mAgAh+QQFCgAPACwAAAAADQANAAAENPDJSRSZeA418itN8QiK8BiLITVsFiyBBIoYqnoewAD4xPw9iY4XLGYSjkQR4UAUD45DLwIAIfkEBQoADwAsAAAAAA8ACQAABC\/wyVlamTi3nSdgwFNdhEJgTJoNyoB9ISYoQmdjiZPcj7EYCAeCF1gEDo4Dz2eIAAAh+QQFCgAPACwCAAAADQANAAAEM\/DJBxiYeLKdX3IJZT1FU0iIg2RNKx3OkZVnZ98ToRD4MyiDnkAh6BkNC0MvsAj0kMpHBAAh+QQFCgAPACwGAAAACQAPAAAEMDC59KpFDll73HkAA2wVY5KgiK5b0RRoI6MuzG6EQqCDMlSGheEhUAgqgUUAFRySIgAh+QQFCgAPACwCAAIADQANAAAEM\/DJKZNLND\/kkKaHc3xk+QAMYDKsiaqmZCxGVjSFFCxB1vwy2oOgIDxuucxAMTAJFAJNBAAh+QQFCgAPACwAAAYADwAJAAAEMNAs86q1yaWwwv2Ig0jUZx3OYa4XoRAfwADXoAwfo1+CIjyFRuEho60aSNYlOPxEAAAh+QQFCgAPACwAAAIADQANAAAENPA9s4y8+IUVcqaWJ4qEQozSoAzoIyhCK2NFU2SJk0hNnyEOhKR2AzAAj4Pj4GE4W0bkJQIAOw==\" \/><div class=\"clear pt-cv-clear-pagination\"><\/div><\/div> <\/div> <style>\n\n#pt-cv-view-jd4mtbi0 .panel-body {  }#pt-cv-view-jd4mtbi0 .pt-cv-content-item { border-style: none;border-width: 7px 7px 7px 7px;box-shadow: 4px 4px 2px 2px #3593e3; }#pt-cv-view-jd4mtbi0 .pt-cv-meta-fields {  }#pt-cv-view-jd4mtbi0 .pt-cv-meta-fields * { font-size: 13px; }#pt-cv-view-jd4mtbi0 .pt-cv-title a { display: block;background-color: #8ed1fc; }#pt-cv-view-jd4mtbi0 .pt-cv-title:not(.pt-cv-titlesm) a { font-weight: 600;text-decoration: none;font-size: 20px; }#pt-cv-view-jd4mtbi0 .pt-cv-titlesm a { font-weight: 600;font-size: 18px; }#pt-cv-view-jd4mtbi0 .pt-cv-content { font-size: 15px; }#pt-cv-view-jd4mtbi0 .pt-cv-rmwrap {  }#pt-cv-view-jd4mtbi0 .pt-cv-readmore { color: #fff;background-color: #0075ff;font-size: 14px; }#pt-cv-view-jd4mtbi0 .pt-cv-taxoterm {  }#pt-cv-view-jd4mtbi0 .pt-cv-taxoterm * { color: #222;background-color: #fcb900;font-size: 14px; }#pt-cv-view-jd4mtbi0 + .pt-cv-pagination-wrapper {  }#pt-cv-view-jd4mtbi0 + .pt-cv-pagination-wrapper a { font-size: 14px; }#pt-cv-view-jd4mtbi0 .pt-cv-title a:hover { background-color: #c8eaff; }#pt-cv-view-jd4mtbi0 .pt-cv-title:not(.pt-cv-titlesm) a:hover {  }\n@media all and (max-width: 1024px) { \n\n} \n@media all and (max-width: 767px) { \n\n} <\/style>\n\n\n\n\n\n\r\n    <!-- Mobile Toggle Button -->\r\n    <button id=\"sidebarToggle\" class=\"sidebar-toggle\">\r\n        <span><\/span>\r\n        <span><\/span>\r\n        <span><\/span>\r\n    <\/button>\r\n\r\n    <!-- Sidebar Navigation -->\r\n    <div class=\"custom-sidebar-nav\" id=\"customSidebar\">\r\n        <!-- Close button for mobile -->\r\n        <button id=\"sidebarClose\" class=\"sidebar-close\">\u00d7<\/button>\r\n\r\n        <div style=\"padding: 20px 20px 20px 20px;\"> \r\n\t\t\t<h3 style=\" color: #000000; margin-bottom: 20px; font-size: 16px; font-weight: bold; text-align: center; margin-top: 0; \"\r\n\t\t\t\t>Navigacija<\/h3>\r\n\t\t\t\r\n\t\t           \r\n\t\t\t<div class=\"sidebar-links\">\r\n                <a href=\"https:\/\/www.lada-center.education\/sl\/blog\/lada-casopis-aktualni-dogodki\/\">\ud83d\udcc5 Dogodki<\/a>\r\n                <a href=\"https:\/\/www.lada-center.education\/lada-casopis-novice\/\">\ud83d\udcf0 Novice<\/a>\r\n                <a href=\"https:\/\/www.lada-center.education\/blog\/lada-casopis-strokovni-clanki\/\">\ud83d\udcda Strokovni \u010dlanki<\/a>\r\n                <a href=\"https:\/\/www.lada-center.education\/blog\/lada-casopis-brainstorming\/\">\ud83d\udcad Brainstorming<\/a>\r\n                <a href=\"https:\/\/www.youtube.com\/@LadaCenter-SDE\/videos\" target=\"_blank\">\ud83c\udfa5 YouTube<\/a>\r\n\t\t\t\t    <div class=\"sidebar-divider\"><\/div> <!-- Divider -->\r\n                <a href=\"https:\/\/www.lada-center.education\/sl\/clanki\/\">\ud83d\udcf0 Vsi \u010dlanki<\/a>\r\n\t\t\t\t\t\t\t\t\r\n<\/div>\r\n\t\t\t\t\r\n            <\/div>\r\n        <\/div>\r\n    <\/div>\r\n\r\n    <!-- Content Wrapper -->\r\n    <div id=\"contentWrapper\"><\/div>\r\n\r\n    <style>\r\n    \/* Base styles *\/\r\n    .custom-sidebar-nav {\r\n        position: fixed;\r\n        top: 200px;\r\n        left: 0;\r\n        width: 200px;\r\n        \r\n        height: auto;\r\n        background: #ade1ff;\r\n        z-index: 10000;\r\n        \r\n        transition: transform 0.3s ease;\r\n        box-shadow: 2px 0 10px rgba(0,0,0,0.1);\r\n        padding: 5px;\r\n        margin: 0;\r\n        border-radius: 0 15px 15px 0;\r\n    }\r\n\r\n    .sidebar-links {\r\n        display: flex;\r\n        flex-direction: column;\r\n        gap: 12px;\r\n    }\r\n\r\n    .sidebar-links a {\r\n        text-decoration: none;\r\n        color: #000000;\r\n        font-weight: 500;\r\n        padding: 10px 5px;\r\n        border-radius: 8px;\r\n        font-size: 14px;\r\n        border: 1px solid transparent;\r\n        transition: all 0.3s ease;\r\n    }\r\n\r\n    .sidebar-links a:hover {\r\n        background: rgba(0,0,255,0.1);\r\n        border-color: rgba(0,0,255,0.2);\r\n        transform: translateX(5px);\r\n    }\r\n\r\n    .sidebar-toggle {\r\n        display: none;\r\n        position: fixed;\r\n        left: 20px;\r\n        z-index: 10001;\r\n        background: #ade1ff;\r\n        border: none;\r\n        padding: 10px;\r\n        border-radius: 5px;\r\n        cursor: pointer;\r\n        box-shadow: 0 2px 5px rgba(0,0,0,0.2);\r\n    }\r\n\r\n    .sidebar-toggle span {\r\n        display: block;\r\n        width: 20px;\r\n        height: 2px;\r\n        background: #000000;\r\n        margin: 3px 0;\r\n    }\r\n\r\n    .sidebar-close {\r\n        display: none;\r\n        position: fixed;\r\n        top: 15px;\r\n        right: 15px;\r\n        background: none;\r\n        border: none;\r\n        font-size: 24px;\r\n        cursor: pointer;\r\n        color: #000000;\r\n    }\r\n\r\n\t\t.sidebar-divider {\r\n    height: 1px;\r\n    background: rgba(0,0,0,0.2);\r\n    margin: 12px 0;\r\n}\r\n\t\t\r\n    \/* Mobile and Tablet *\/\r\n    @media (max-width: 1024px) {\r\n        .sidebar-toggle {\r\n            display: block;\r\n            top: 80px;\r\n        }\r\n\r\n\t\t.sidebar-links {\r\n        display: flex;\r\n        flex-direction: column;\r\n        gap: 12px !important;\r\n    }\r\n\t\t\r\n        .sidebar-close {\r\n            display: block !important;\r\n        }\r\n\r\n        .custom-sidebar-nav {\r\n            position: fixed; \/* namesto absolute *\/\r\n\t\t\ttop: 80px;\r\n            transform: translateX(-100%);\r\n        }\r\n\r\n        .custom-sidebar-nav.open {\r\n            transform: translateX(0);\r\n        }\r\n\r\n        #contentWrapper {\r\n            margin-left: 0;\r\n        }\r\n\r\n        body.sidebar-open {\r\n            overflow: hidden;\r\n        }\r\n \r\n\t\t.custom-sidebar-nav h3 {\r\n        margin-bottom: 40px !important;\r\n    }\r\n     \t\t\t\t\r\n\t\t.sidebar-overlay {\r\n            position: fixed;\r\n            top: 0;\r\n            left: 0;\r\n            width: 100%;\r\n            height: 100%;\r\n            background: rgba(0,0,0,0.5);\r\n            z-index: 9999;\r\n            display: none;\r\n        }\r\n    }\r\n    <\/style>\r\n\r\n    <script>\r\n    document.addEventListener('DOMContentLoaded', function() {\r\n        var sidebar = document.getElementById('customSidebar');\r\n        var toggleBtn = document.getElementById('sidebarToggle');\r\n        var closeBtn = document.getElementById('sidebarClose');\r\n\r\n        \/\/ Create overlay for mobile\r\n        var overlay = document.createElement('div');\r\n        overlay.className = 'sidebar-overlay';\r\n        document.body.appendChild(overlay);\r\n\r\n        \/\/ Toggle sidebar on mobile\r\n        toggleBtn.addEventListener('click', function() {\r\n            sidebar.classList.add('open');\r\n            overlay.style.display = 'block';\r\n            document.body.classList.add('sidebar-open');\r\n        });\r\n\r\n        function closeSidebar() {\r\n            sidebar.classList.remove('open');\r\n            overlay.style.display = 'none';\r\n            document.body.classList.remove('sidebar-open');\r\n        }\r\n\r\n        closeBtn.addEventListener('click', closeSidebar);\r\n        overlay.addEventListener('click', closeSidebar);\r\n\r\n        \/\/ Auto-close sidebar when clicking a link on mobile\r\n        document.querySelectorAll('.sidebar-links a').forEach(function(link) {\r\n            link.addEventListener('click', function() {\r\n                if (window.innerWidth <= 1024) closeSidebar();\r\n            });\r\n        });\r\n    });\r\n    <\/script>\r\n\r\n    \n","protected":false},"excerpt":{"rendered":"","protected":false},"author":5,"featured_media":0,"parent":201,"menu_order":0,"comment_status":"closed","ping_status":"closed","template":"","meta":{"pagelayer_contact_templates":[],"_pagelayer_content":"","_monsterinsights_skip_tracking":false,"_monsterinsights_sitenote_active":false,"_monsterinsights_sitenote_note":"","_monsterinsights_sitenote_category":0,"footnotes":""},"class_list":["post-890","page","type-page","status-publish","hentry"],"aioseo_notices":[],"_links":{"self":[{"href":"https:\/\/www.lada-center.education\/sl\/wp-json\/wp\/v2\/pages\/890","targetHints":{"allow":["GET"]}}],"collection":[{"href":"https:\/\/www.lada-center.education\/sl\/wp-json\/wp\/v2\/pages"}],"about":[{"href":"https:\/\/www.lada-center.education\/sl\/wp-json\/wp\/v2\/types\/page"}],"author":[{"embeddable":true,"href":"https:\/\/www.lada-center.education\/sl\/wp-json\/wp\/v2\/users\/5"}],"replies":[{"embeddable":true,"href":"https:\/\/www.lada-center.education\/sl\/wp-json\/wp\/v2\/comments?post=890"}],"version-history":[{"count":4,"href":"https:\/\/www.lada-center.education\/sl\/wp-json\/wp\/v2\/pages\/890\/revisions"}],"predecessor-version":[{"id":918,"href":"https:\/\/www.lada-center.education\/sl\/wp-json\/wp\/v2\/pages\/890\/revisions\/918"}],"up":[{"embeddable":true,"href":"https:\/\/www.lada-center.education\/sl\/wp-json\/wp\/v2\/pages\/201"}],"wp:attachment":[{"href":"https:\/\/www.lada-center.education\/sl\/wp-json\/wp\/v2\/media?parent=890"}],"curies":[{"name":"wp","href":"https:\/\/api.w.org\/{rel}","templated":true}]}}