{"id":892,"date":"2025-08-23T22:30:23","date_gmt":"2025-08-23T20:30:23","guid":{"rendered":"https:\/\/www.lada-center.education\/?page_id=892"},"modified":"2025-08-24T01:30:37","modified_gmt":"2025-08-23T23:30:37","slug":"lada-casopis-brainstorming","status":"publish","type":"page","link":"https:\/\/www.lada-center.education\/sl\/blog\/lada-casopis-brainstorming\/","title":{"rendered":"Lada \u010dasopis &#8211; Brainstorming"},"content":{"rendered":"\n\n<div class='pt-cv-wrapper'> <div class=\"pt-cv-view pt-cv-collapsible iscvblock iscvreal collapsible layout1\" id=\"pt-cv-view-jd4mtbi0\"><div data-id=\"pt-cv-page-1\" class=\"pt-cv-page\" data-cvc=\"3\"><div class=\"panel-group\" id=\"7985e723zh\"><div class=\"panel panel-default pt-cv-content-item pt-cv-1-col\" >\r\n<div class=\"panel-heading pt-cv-title\">\r\n    <a class=\"panel-title\" data-toggle=\"cvcollapse\" data-parent=\"#7985e723zh\" data-target=\"#84a757e8bt\" href='https:\/\/www.lada-center.education\/sl\/blog\/kaj-otroci-v-centru-za-samousmerjeno-izobrazevanje-pocnejo-na-svojih-pametnih-telefonih\/' onclick='event.preventDefault()'>\r\n\t\tKaj otroci v centru za samousmerjeno izobra\u017eevanje po\u010dnejo na svojih pametnih telefonih?\t<\/a>\r\n\t<\/div>\r\n<div id=\"84a757e8bt\" class=\"panel-collapse collapse in\">\r\n\t<div class=\"panel-body\">\r\n\t\t<div class=\"pt-cv-thumb-wrapper  \"><a href=\"https:\/\/www.lada-center.education\/sl\/blog\/kaj-otroci-v-centru-za-samousmerjeno-izobrazevanje-pocnejo-na-svojih-pametnih-telefonih\/\" class=\"_self pt-cv-href-thumbnail pt-cv-thumb-default\" target=\"_self\" ><\/a><\/div>\n<div class=\"pt-cv-taxoterm above_title\"><a href='https:\/\/www.lada-center.education\/sl\/blog\/category\/blog\/' title='Brainstorming' class='pt-cv-tax-blog'>Brainstorming<\/a><\/div>\n<div class=\"pt-cv-content\">Pogosto pomislimo na najslab\u0161e, ko vidimo otroke z glavami sklonjenimi nad pametne telefone, vendar ne vemo, kaj dejansko po\u010dnejo. Raziskave ka\u017eejo, da se pogosto motimo pri teh predpostavkah. Pametni telefoni, s svojim dostopom do interneta, so izjemna izobra\u017eevalna orodja. Ben Draper, direktor Macomber Centra, je povpra\u0161al otroke v svojem centru, &#8230;<\/div>\n<div class=\"pt-cv-rmwrap\"><a href=\"https:\/\/www.lada-center.education\/sl\/blog\/kaj-otroci-v-centru-za-samousmerjeno-izobrazevanje-pocnejo-na-svojih-pametnih-telefonih\/\" class=\"_self pt-cv-readmore btn btn-success\" target=\"_self\" >Preberi ve\u010d<\/a><\/div>\n<div class=\"pt-cv-meta-fields\"><span class=\"entry-date\"> <time datetime=\"2024-10-24T13:01:44+02:00\">24.10.2024<\/time><\/span><span> \/ <\/span><span class=\"author\"> <a href=\"https:\/\/www.lada-center.education\/sl\/blog\/author\/klavdijasde\/\" rel=\"author\">Klavdija Ho\u010devar Kastelic<\/a><\/span><\/div>\t<\/div>\r\n<\/div><\/div>\n<div class=\"panel panel-default pt-cv-content-item pt-cv-1-col\" >\r\n<div class=\"panel-heading pt-cv-title\">\r\n    <a class=\"panel-title\" data-toggle=\"cvcollapse\" data-parent=\"#7985e723zh\" data-target=\"#832262b1wy\" href='https:\/\/www.lada-center.education\/sl\/blog\/kartonski-vitez-je-pripovedka-o-moci-izobrazevanju-igri-in-ljubezni\/' onclick='event.preventDefault()'>\r\n\t\t&#8220;Kartonski vitez&#8221; je pripovedka o mo\u010di, izobra\u017eevanju, igri in ljubezni\t<\/a>\r\n\t<\/div>\r\n<div id=\"832262b1wy\" class=\"panel-collapse collapse \">\r\n\t<div class=\"panel-body\">\r\n\t\t<div class=\"pt-cv-thumb-wrapper  \"><a href=\"https:\/\/www.lada-center.education\/sl\/blog\/kartonski-vitez-je-pripovedka-o-moci-izobrazevanju-igri-in-ljubezni\/\" class=\"_self pt-cv-href-thumbnail pt-cv-thumb-default\" target=\"_self\" ><\/a><\/div>\n<div class=\"pt-cv-taxoterm above_title\"><a href='https:\/\/www.lada-center.education\/sl\/blog\/category\/blog\/' title='Brainstorming' class='pt-cv-tax-blog'>Brainstorming<\/a><\/div>\n<div class=\"pt-cv-content\">&#8220;Kartonski vitez&#8221; je basen o mo\u010di, izobra\u017eevanju, igri in ljubezni. To je darilo, zato ga deli naprej!Hannah Fell: VITEZ IZ KARTONANeko\u010d je na nekem zelo ravnem, stabilnem in kvadratnem kraju \u017eivel mo\u017e, ki je imel vedno prav in nikoli ni bil v zmoti. Imel je zelo, zelo prav in vse, &#8230;<\/div>\n<div class=\"pt-cv-rmwrap\"><a href=\"https:\/\/www.lada-center.education\/sl\/blog\/kartonski-vitez-je-pripovedka-o-moci-izobrazevanju-igri-in-ljubezni\/\" class=\"_self pt-cv-readmore btn btn-success\" target=\"_self\" >Preberi ve\u010d<\/a><\/div>\n<div class=\"pt-cv-meta-fields\"><span class=\"entry-date\"> <time datetime=\"2024-10-07T15:53:14+02:00\">07.10.2024<\/time><\/span><span> \/ <\/span><span class=\"author\"> <a href=\"https:\/\/www.lada-center.education\/sl\/blog\/author\/idasti\/\" rel=\"author\">Ida \u0160timec<\/a><\/span><\/div>\t<\/div>\r\n<\/div><\/div>\n<div class=\"panel panel-default pt-cv-content-item pt-cv-1-col\" >\r\n<div class=\"panel-heading pt-cv-title\">\r\n    <a class=\"panel-title\" data-toggle=\"cvcollapse\" data-parent=\"#7985e723zh\" data-target=\"#7d5f4adexc\" href='https:\/\/www.lada-center.education\/sl\/blog\/analiza-stanja-okoliscin-za-otroke-ki-so-se-v-preteklosti-lahko-neovirano-izobrazevali-na-domu\/' onclick='event.preventDefault()'>\r\n\t\tAnaliza stanja okoli\u0161\u010din za otroke, ki so se v preteklosti lahko neovirano izobra\u017eevali na domu\t<\/a>\r\n\t<\/div>\r\n<div id=\"7d5f4adexc\" class=\"panel-collapse collapse \">\r\n\t<div class=\"panel-body\">\r\n\t\t<div class=\"pt-cv-thumb-wrapper  \"><a href=\"https:\/\/www.lada-center.education\/sl\/blog\/analiza-stanja-okoliscin-za-otroke-ki-so-se-v-preteklosti-lahko-neovirano-izobrazevali-na-domu\/\" class=\"_self pt-cv-href-thumbnail pt-cv-thumb-default\" target=\"_self\" ><\/a><\/div>\n<div class=\"pt-cv-taxoterm above_title\"><a href='https:\/\/www.lada-center.education\/sl\/blog\/category\/blog\/' title='Brainstorming' class='pt-cv-tax-blog'>Brainstorming<\/a><\/div>\n<div class=\"pt-cv-content\">V novem \u0161olskem letu 2024\/2025 je kar nekaj sprememb glede predmetov, preverjanj znanj in seveda \u0161olanja oziroma po novem, izobra\u017eevanja na domu (v nadaljevanju IND), kjer so spremenili kar nekaj stvari. Zaradi sprememb pa tudi omejili v praksi ve\u010d otrokovih okoli\u010din. \u0160e posebno to se ti\u010de tega prispevka, saj so &#8230;<\/div>\n<div class=\"pt-cv-rmwrap\"><a href=\"https:\/\/www.lada-center.education\/sl\/blog\/analiza-stanja-okoliscin-za-otroke-ki-so-se-v-preteklosti-lahko-neovirano-izobrazevali-na-domu\/\" class=\"_self pt-cv-readmore btn btn-success\" target=\"_self\" >Preberi ve\u010d<\/a><\/div>\n<div class=\"pt-cv-meta-fields\"><span class=\"entry-date\"> <time datetime=\"2024-09-19T16:43:50+02:00\">19.09.2024<\/time><\/span><span> \/ <\/span><span class=\"author\"> <a href=\"https:\/\/www.lada-center.education\/sl\/blog\/author\/klavdijasde\/\" rel=\"author\">Klavdija Ho\u010devar Kastelic<\/a><\/span><\/div>\t<\/div>\r\n<\/div><\/div>\n<div class=\"panel panel-default pt-cv-content-item pt-cv-1-col\" >\r\n<div class=\"panel-heading pt-cv-title\">\r\n    <a class=\"panel-title\" data-toggle=\"cvcollapse\" data-parent=\"#7985e723zh\" data-target=\"#9f23c0ejyt\" href='https:\/\/www.lada-center.education\/sl\/blog\/srecali-smo-se-in-gremo-naprej\/' onclick='event.preventDefault()'>\r\n\t\tSre\u010dali smo se in gremo naprej\t<\/a>\r\n\t<\/div>\r\n<div id=\"9f23c0ejyt\" class=\"panel-collapse collapse \">\r\n\t<div class=\"panel-body\">\r\n\t\t<div class=\"pt-cv-thumb-wrapper  \"><a href=\"https:\/\/www.lada-center.education\/sl\/blog\/srecali-smo-se-in-gremo-naprej\/\" class=\"_self pt-cv-href-thumbnail pt-cv-thumb-default\" target=\"_self\" ><\/a><\/div>\n<div class=\"pt-cv-taxoterm above_title\"><a href='https:\/\/www.lada-center.education\/sl\/blog\/category\/blog\/' title='Brainstorming' class='pt-cv-tax-blog'>Brainstorming<\/a><\/div>\n<div class=\"pt-cv-content\">Obstajajo ljudje, ki za svoje otroke \u017eelijo enostavno druga\u010den pristop v procesu osnovno\u0161olskega izobra\u017eevanja. V na\u0161em primeru gre za podro\u010dje izobra\u017eevanja na domu, ki vklju\u010duje oblikovanje in spremljanje trenutnega kurikuluma ter ocenjevanje preko samorefleksije. \u200d Obstajamo posamezniki, ki ne vidimo smisla v tradicionalnem \u0161olskem izobra\u017eevanju, ker nam je to preteklost &#8230;<\/div>\n<div class=\"pt-cv-rmwrap\"><a href=\"https:\/\/www.lada-center.education\/sl\/blog\/srecali-smo-se-in-gremo-naprej\/\" class=\"_self pt-cv-readmore btn btn-success\" target=\"_self\" >Preberi ve\u010d<\/a><\/div>\n<div class=\"pt-cv-meta-fields\"><span class=\"entry-date\"> <time datetime=\"2024-09-18T01:02:55+02:00\">18.09.2024<\/time><\/span><span> \/ <\/span><span class=\"author\"> <a href=\"https:\/\/www.lada-center.education\/sl\/blog\/author\/klavdijasde\/\" rel=\"author\">Klavdija Ho\u010devar Kastelic<\/a><\/span><\/div>\t<\/div>\r\n<\/div><\/div>\n<div class=\"panel panel-default pt-cv-content-item pt-cv-1-col\" >\r\n<div class=\"panel-heading pt-cv-title\">\r\n    <a class=\"panel-title\" data-toggle=\"cvcollapse\" data-parent=\"#7985e723zh\" data-target=\"#50374866fg\" href='https:\/\/www.lada-center.education\/sl\/blog\/prvi-njegov-sde-in-rce-dan\/' onclick='event.preventDefault()'>\r\n\t\tPrvi njegov SDE in RCE dan! \ud83c\udf89\ud83d\udcbc\t<\/a>\r\n\t<\/div>\r\n<div id=\"50374866fg\" class=\"panel-collapse collapse \">\r\n\t<div class=\"panel-body\">\r\n\t\t<div class=\"pt-cv-thumb-wrapper  \"><a href=\"https:\/\/www.lada-center.education\/sl\/blog\/prvi-njegov-sde-in-rce-dan\/\" class=\"_self pt-cv-href-thumbnail pt-cv-thumb-default\" target=\"_self\" ><\/a><\/div>\n<div class=\"pt-cv-taxoterm above_title\"><a href='https:\/\/www.lada-center.education\/sl\/blog\/category\/blog\/' title='Brainstorming' class='pt-cv-tax-blog'>Brainstorming<\/a><\/div>\n<div class=\"pt-cv-content\">Odkrijte, kako smo proslavili prvi \u0161olski dan na\u0161ega otroka s posebnim izletom v naravo, kjer smo zdru\u017eili u\u010denje in zabavo ter omogo\u010dili samousmerjeno izobra\u017eevanje. Pridru\u017eite se nam na tej edinstveni poti! &#8230;<\/div>\n<div class=\"pt-cv-rmwrap\"><a href=\"https:\/\/www.lada-center.education\/sl\/blog\/prvi-njegov-sde-in-rce-dan\/\" class=\"_self pt-cv-readmore btn btn-success\" target=\"_self\" >Preberi ve\u010d<\/a><\/div>\n<div class=\"pt-cv-meta-fields\"><span class=\"entry-date\"> <time datetime=\"2024-09-05T20:01:21+02:00\">05.09.2024<\/time><\/span><span> \/ <\/span><span class=\"author\"> <a href=\"https:\/\/www.lada-center.education\/sl\/blog\/author\/klavdijasde\/\" rel=\"author\">Klavdija Ho\u010devar Kastelic<\/a><\/span><\/div>\t<\/div>\r\n<\/div><\/div><\/div><\/div><\/div> <\/div> <style>\n\n#pt-cv-view-jd4mtbi0 .panel-body {  }#pt-cv-view-jd4mtbi0 .pt-cv-content-item { border-style: none;border-width: 7px 7px 7px 7px;box-shadow: 4px 4px 2px 2px #3593e3; }#pt-cv-view-jd4mtbi0 .pt-cv-meta-fields {  }#pt-cv-view-jd4mtbi0 .pt-cv-meta-fields * { font-size: 13px; }#pt-cv-view-jd4mtbi0 .pt-cv-title a { display: block;background-color: #8ed1fc; }#pt-cv-view-jd4mtbi0 .pt-cv-title:not(.pt-cv-titlesm) a { font-weight: 600;text-decoration: none;font-size: 20px; }#pt-cv-view-jd4mtbi0 .pt-cv-titlesm a { font-weight: 600;font-size: 18px; }#pt-cv-view-jd4mtbi0 .pt-cv-content { font-size: 15px; }#pt-cv-view-jd4mtbi0 .pt-cv-rmwrap {  }#pt-cv-view-jd4mtbi0 .pt-cv-readmore { color: #fff;background-color: #0075ff;font-size: 14px; }#pt-cv-view-jd4mtbi0 .pt-cv-taxoterm {  }#pt-cv-view-jd4mtbi0 .pt-cv-taxoterm * { color: #222;background-color: #fcb900;font-size: 14px; }#pt-cv-view-jd4mtbi0 + .pt-cv-pagination-wrapper {  }#pt-cv-view-jd4mtbi0 + .pt-cv-pagination-wrapper a { font-size: 14px; }#pt-cv-view-jd4mtbi0 .pt-cv-title a:hover { background-color: #c8eaff; }#pt-cv-view-jd4mtbi0 .pt-cv-title:not(.pt-cv-titlesm) a:hover {  }\n@media all and (max-width: 1024px) { \n\n} \n@media all and (max-width: 767px) { \n\n} <\/style>\n\n\n\n\n\n\r\n    <!-- Mobile Toggle Button -->\r\n    <button id=\"sidebarToggle\" class=\"sidebar-toggle\">\r\n        <span><\/span>\r\n        <span><\/span>\r\n        <span><\/span>\r\n    <\/button>\r\n\r\n    <!-- Sidebar Navigation -->\r\n    <div class=\"custom-sidebar-nav\" id=\"customSidebar\">\r\n        <!-- Close button for mobile -->\r\n        <button id=\"sidebarClose\" class=\"sidebar-close\">\u00d7<\/button>\r\n\r\n        <div style=\"padding: 20px 20px 20px 20px;\"> \r\n\t\t\t<h3 style=\" color: #000000; margin-bottom: 20px; font-size: 16px; font-weight: bold; text-align: center; margin-top: 0; \"\r\n\t\t\t\t>Navigacija<\/h3>\r\n\t\t\t\r\n\t\t           \r\n\t\t\t<div class=\"sidebar-links\">\r\n                <a href=\"https:\/\/www.lada-center.education\/sl\/blog\/lada-casopis-aktualni-dogodki\/\">\ud83d\udcc5 Dogodki<\/a>\r\n                <a href=\"https:\/\/www.lada-center.education\/lada-casopis-novice\/\">\ud83d\udcf0 Novice<\/a>\r\n                <a href=\"https:\/\/www.lada-center.education\/blog\/lada-casopis-strokovni-clanki\/\">\ud83d\udcda Strokovni \u010dlanki<\/a>\r\n                <a href=\"https:\/\/www.lada-center.education\/blog\/lada-casopis-brainstorming\/\">\ud83d\udcad Brainstorming<\/a>\r\n                <a href=\"https:\/\/www.youtube.com\/@LadaCenter-SDE\/videos\" target=\"_blank\">\ud83c\udfa5 YouTube<\/a>\r\n\t\t\t\t    <div class=\"sidebar-divider\"><\/div> <!-- Divider -->\r\n                <a href=\"https:\/\/www.lada-center.education\/sl\/clanki\/\">\ud83d\udcf0 Vsi \u010dlanki<\/a>\r\n\t\t\t\t\t\t\t\t\r\n<\/div>\r\n\t\t\t\t\r\n            <\/div>\r\n        <\/div>\r\n    <\/div>\r\n\r\n    <!-- Content Wrapper -->\r\n    <div id=\"contentWrapper\"><\/div>\r\n\r\n    <style>\r\n    \/* Base styles *\/\r\n    .custom-sidebar-nav {\r\n        position: fixed;\r\n        top: 200px;\r\n        left: 0;\r\n        width: 200px;\r\n        \r\n        height: auto;\r\n        background: #ade1ff;\r\n        z-index: 10000;\r\n        \r\n        transition: transform 0.3s ease;\r\n        box-shadow: 2px 0 10px rgba(0,0,0,0.1);\r\n        padding: 5px;\r\n        margin: 0;\r\n        border-radius: 0 15px 15px 0;\r\n    }\r\n\r\n    .sidebar-links {\r\n        display: flex;\r\n        flex-direction: column;\r\n        gap: 12px;\r\n    }\r\n\r\n    .sidebar-links a {\r\n        text-decoration: none;\r\n        color: #000000;\r\n        font-weight: 500;\r\n        padding: 10px 5px;\r\n        border-radius: 8px;\r\n        font-size: 14px;\r\n        border: 1px solid transparent;\r\n        transition: all 0.3s ease;\r\n    }\r\n\r\n    .sidebar-links a:hover {\r\n        background: rgba(0,0,255,0.1);\r\n        border-color: rgba(0,0,255,0.2);\r\n        transform: translateX(5px);\r\n    }\r\n\r\n    .sidebar-toggle {\r\n        display: none;\r\n        position: fixed;\r\n        left: 20px;\r\n        z-index: 10001;\r\n        background: #ade1ff;\r\n        border: none;\r\n        padding: 10px;\r\n        border-radius: 5px;\r\n        cursor: pointer;\r\n        box-shadow: 0 2px 5px rgba(0,0,0,0.2);\r\n    }\r\n\r\n    .sidebar-toggle span {\r\n        display: block;\r\n        width: 20px;\r\n        height: 2px;\r\n        background: #000000;\r\n        margin: 3px 0;\r\n    }\r\n\r\n    .sidebar-close {\r\n        display: none;\r\n        position: fixed;\r\n        top: 15px;\r\n        right: 15px;\r\n        background: none;\r\n        border: none;\r\n        font-size: 24px;\r\n        cursor: pointer;\r\n        color: #000000;\r\n    }\r\n\r\n\t\t.sidebar-divider {\r\n    height: 1px;\r\n    background: rgba(0,0,0,0.2);\r\n    margin: 12px 0;\r\n}\r\n\t\t\r\n    \/* Mobile and Tablet *\/\r\n    @media (max-width: 1024px) {\r\n        .sidebar-toggle {\r\n            display: block;\r\n            top: 80px;\r\n        }\r\n\r\n\t\t.sidebar-links {\r\n        display: flex;\r\n        flex-direction: column;\r\n        gap: 12px !important;\r\n    }\r\n\t\t\r\n        .sidebar-close {\r\n            display: block !important;\r\n        }\r\n\r\n        .custom-sidebar-nav {\r\n            position: fixed; \/* namesto absolute *\/\r\n\t\t\ttop: 80px;\r\n            transform: translateX(-100%);\r\n        }\r\n\r\n        .custom-sidebar-nav.open {\r\n            transform: translateX(0);\r\n        }\r\n\r\n        #contentWrapper {\r\n            margin-left: 0;\r\n        }\r\n\r\n        body.sidebar-open {\r\n            overflow: hidden;\r\n        }\r\n \r\n\t\t.custom-sidebar-nav h3 {\r\n        margin-bottom: 40px !important;\r\n    }\r\n     \t\t\t\t\r\n\t\t.sidebar-overlay {\r\n            position: fixed;\r\n            top: 0;\r\n            left: 0;\r\n            width: 100%;\r\n            height: 100%;\r\n            background: rgba(0,0,0,0.5);\r\n            z-index: 9999;\r\n            display: none;\r\n        }\r\n    }\r\n    <\/style>\r\n\r\n    <script>\r\n    document.addEventListener('DOMContentLoaded', function() {\r\n        var sidebar = document.getElementById('customSidebar');\r\n        var toggleBtn = document.getElementById('sidebarToggle');\r\n        var closeBtn = document.getElementById('sidebarClose');\r\n\r\n        \/\/ Create overlay for mobile\r\n        var overlay = document.createElement('div');\r\n        overlay.className = 'sidebar-overlay';\r\n        document.body.appendChild(overlay);\r\n\r\n        \/\/ Toggle sidebar on mobile\r\n        toggleBtn.addEventListener('click', function() {\r\n            sidebar.classList.add('open');\r\n            overlay.style.display = 'block';\r\n            document.body.classList.add('sidebar-open');\r\n        });\r\n\r\n        function closeSidebar() {\r\n            sidebar.classList.remove('open');\r\n            overlay.style.display = 'none';\r\n            document.body.classList.remove('sidebar-open');\r\n        }\r\n\r\n        closeBtn.addEventListener('click', closeSidebar);\r\n        overlay.addEventListener('click', closeSidebar);\r\n\r\n        \/\/ Auto-close sidebar when clicking a link on mobile\r\n        document.querySelectorAll('.sidebar-links a').forEach(function(link) {\r\n            link.addEventListener('click', function() {\r\n                if (window.innerWidth <= 1024) closeSidebar();\r\n            });\r\n        });\r\n    });\r\n    <\/script>\r\n\r\n    \n","protected":false},"excerpt":{"rendered":"","protected":false},"author":5,"featured_media":0,"parent":201,"menu_order":0,"comment_status":"closed","ping_status":"closed","template":"","meta":{"pagelayer_contact_templates":[],"_pagelayer_content":"","_monsterinsights_skip_tracking":false,"_monsterinsights_sitenote_active":false,"_monsterinsights_sitenote_note":"","_monsterinsights_sitenote_category":0,"footnotes":""},"class_list":["post-892","page","type-page","status-publish","hentry"],"aioseo_notices":[],"_links":{"self":[{"href":"https:\/\/www.lada-center.education\/sl\/wp-json\/wp\/v2\/pages\/892","targetHints":{"allow":["GET"]}}],"collection":[{"href":"https:\/\/www.lada-center.education\/sl\/wp-json\/wp\/v2\/pages"}],"about":[{"href":"https:\/\/www.lada-center.education\/sl\/wp-json\/wp\/v2\/types\/page"}],"author":[{"embeddable":true,"href":"https:\/\/www.lada-center.education\/sl\/wp-json\/wp\/v2\/users\/5"}],"replies":[{"embeddable":true,"href":"https:\/\/www.lada-center.education\/sl\/wp-json\/wp\/v2\/comments?post=892"}],"version-history":[{"count":4,"href":"https:\/\/www.lada-center.education\/sl\/wp-json\/wp\/v2\/pages\/892\/revisions"}],"predecessor-version":[{"id":916,"href":"https:\/\/www.lada-center.education\/sl\/wp-json\/wp\/v2\/pages\/892\/revisions\/916"}],"up":[{"embeddable":true,"href":"https:\/\/www.lada-center.education\/sl\/wp-json\/wp\/v2\/pages\/201"}],"wp:attachment":[{"href":"https:\/\/www.lada-center.education\/sl\/wp-json\/wp\/v2\/media?parent=892"}],"curies":[{"name":"wp","href":"https:\/\/api.w.org\/{rel}","templated":true}]}}